{"id":21695,"date":"2020-04-11T08:36:29","date_gmt":"2020-04-11T08:36:29","guid":{"rendered":"https:\/\/novactel.centralsegur.com\/blog\/"},"modified":"2022-05-23T07:24:51","modified_gmt":"2022-05-23T07:24:51","slug":"blog","status":"publish","type":"page","link":"https:\/\/actelgrup.com\/ca\/blog\/","title":{"rendered":"Blog"},"content":{"rendered":"\t\t<div data-elementor-type=\"wp-page\" data-elementor-id=\"21695\" class=\"elementor elementor-21695 elementor-7968\" data-elementor-post-type=\"page\">\n\t\t\t\t\t\t<section class=\"elementor-section elementor-top-section elementor-element elementor-element-2a6bbdf2 elementor-section-height-min-height elementor-section-full_width elementor-section-items-bottom elementor-section-height-default\" data-id=\"2a6bbdf2\" data-element_type=\"section\" data-e-type=\"section\" data-settings=\"{&quot;background_background&quot;:&quot;classic&quot;}\">\n\t\t\t\t\t\t\t<div class=\"elementor-background-overlay\"><\/div>\n\t\t\t\t\t\t\t<div class=\"elementor-container elementor-column-gap-no\">\n\t\t\t\t\t<div class=\"elementor-column elementor-col-100 elementor-top-column elementor-element elementor-element-69d83283 top column-style-top\" data-id=\"69d83283\" data-element_type=\"column\" data-e-type=\"column\">\n\t\t\t<div class=\"elementor-widget-wrap elementor-element-populated\">\n\t\t\t\t\t\t<div class=\"elementor-element elementor-element-5cf0b827 elementor-widget elementor-widget-heading\" data-id=\"5cf0b827\" data-element_type=\"widget\" data-e-type=\"widget\" data-widget_type=\"heading.default\">\n\t\t\t\t<div class=\"elementor-widget-container\">\n\t\t\t\t\t<h1 class=\"elementor-heading-title elementor-size-default\">Blog<\/h1>\t\t\t\t<\/div>\n\t\t\t\t<\/div>\n\t\t\t\t<div class=\"elementor-element elementor-element-21eb670a elementor-widget elementor-widget-heading\" data-id=\"21eb670a\" data-element_type=\"widget\" data-e-type=\"widget\" data-widget_type=\"heading.default\">\n\t\t\t\t<div class=\"elementor-widget-container\">\n\t\t\t\t\t<h2 class=\"elementor-heading-title elementor-size-default\">Estigues al dia de l\u2019actualitat d\u2019ActelGrup\n\n<\/h2>\t\t\t\t<\/div>\n\t\t\t\t<\/div>\n\t\t\t\t\t<\/div>\n\t\t<\/div>\n\t\t\t\t\t<\/div>\n\t\t<\/section>\n\t\t\t\t<section class=\"elementor-section elementor-top-section elementor-element elementor-element-adc65de elementor-section-full_width elementor-section-height-default elementor-section-height-default\" data-id=\"adc65de\" data-element_type=\"section\" data-e-type=\"section\">\n\t\t\t\t\t\t<div class=\"elementor-container elementor-column-gap-default\">\n\t\t\t\t\t<div class=\"elementor-column elementor-col-100 elementor-top-column elementor-element elementor-element-474e27b top column-style-top\" data-id=\"474e27b\" data-element_type=\"column\" data-e-type=\"column\">\n\t\t\t<div class=\"elementor-widget-wrap elementor-element-populated\">\n\t\t\t\t\t\t<div class=\"elementor-element elementor-element-a83bab2 elementor-widget elementor-widget-gva-posts\" data-id=\"a83bab2\" data-element_type=\"widget\" data-e-type=\"widget\" data-widget_type=\"gva-posts.default\">\n\t\t\t\t<div class=\"elementor-widget-container\">\n\t\t\t\t\t<div class=\"gva-element-gva-posts gva-element\">  \r\n  <div class=\"gva-posts-grid clearfix gva-posts\">\r\n      <div class=\"gva-content-items\"> \r\n        <div class=\"lg-block-grid-4 md-block-grid-4 sm-block-grid-2 xs-block-grid-2 xx-block-grid-1\">\r\n          \r\n<div class=\"all uncategorized-ca  item-columns\">\r\n   <article id=\"post-30265\" class=\"post-30265 post type-post status-publish format-standard has-post-thumbnail hentry category-uncategorized-ca\">\r\n      <div class=\"post-block post-style-1\">\r\n         <div class=\"post-thumbnail\">\r\n            <a href=\"https:\/\/actelgrup.com\/ca\/la-clau-dun-bon-tractament-comenca-amb-una-bona-regulacio\/\">\r\n               <img fetchpriority=\"high\" decoding=\"async\" width=\"1200\" height=\"675\" src=\"https:\/\/actelgrup.com\/wp-content\/uploads\/2026\/04\/regulacio-eapf.jpg\" class=\"attachment-full size-full wp-post-image\" alt=\"La clau d&#8217;un bon tractament comen\u00e7a amb una bona regulaci\u00f3\" srcset=\"https:\/\/actelgrup.com\/wp-content\/uploads\/2026\/04\/regulacio-eapf.jpg 1200w, https:\/\/actelgrup.com\/wp-content\/uploads\/2026\/04\/regulacio-eapf-1024x576.jpg 1024w, https:\/\/actelgrup.com\/wp-content\/uploads\/2026\/04\/regulacio-eapf-768x432.jpg 768w\" sizes=\"(max-width: 1200px) 100vw, 1200px\" \/>            <\/a>   \r\n                           <div class=\"entry-date\">10 d&#039;abril de 2026<\/div>\r\n                     <\/div>   \r\n\r\n         <div class=\"entry-content\">\r\n            <div class=\"content-inner\">\r\n               <div class=\"entry-meta\">\r\n                  <div class=\"meta-inline\"><span class=\"author vcard\"><i class=\"far fa-user-circle\"><\/i>by&nbsp;Comunicaci\u00f3 Actel<\/span><\/div>                  \r\n               <\/div> \r\n               <h2 class=\"entry-title\"><a href=\"https:\/\/actelgrup.com\/ca\/la-clau-dun-bon-tractament-comenca-amb-una-bona-regulacio\/\" rel=\"bookmark\">La clau d&#8217;un bon tractament comen\u00e7a amb una bona regulaci\u00f3<\/a><\/h2>\r\n               <div class=\"read-more\">\r\n                  <a class=\"btn-inline\" href=\"https:\/\/actelgrup.com\/ca\/la-clau-dun-bon-tractament-comenca-amb-una-bona-regulacio\/\">Read more<\/a>\r\n               <\/div>\r\n            <\/div>\r\n         <\/div>\r\n      <\/div>   \r\n   <\/article>   \r\n<\/div>\r\n\r\n  \r\n<div class=\"all uncategorized-ca  item-columns\">\r\n   <article id=\"post-30259\" class=\"post-30259 post type-post status-publish format-standard has-post-thumbnail hentry category-uncategorized-ca\">\r\n      <div class=\"post-block post-style-1\">\r\n         <div class=\"post-thumbnail\">\r\n            <a href=\"https:\/\/actelgrup.com\/ca\/parlem-del-proces-de-floracio\/\">\r\n               <img decoding=\"async\" width=\"1200\" height=\"675\" src=\"https:\/\/actelgrup.com\/wp-content\/uploads\/2026\/04\/floracio.jpg\" class=\"attachment-full size-full wp-post-image\" alt=\"Parlem del proc\u00e9s de floraci\u00f3\" srcset=\"https:\/\/actelgrup.com\/wp-content\/uploads\/2026\/04\/floracio.jpg 1200w, https:\/\/actelgrup.com\/wp-content\/uploads\/2026\/04\/floracio-1024x576.jpg 1024w, https:\/\/actelgrup.com\/wp-content\/uploads\/2026\/04\/floracio-768x432.jpg 768w\" sizes=\"(max-width: 1200px) 100vw, 1200px\" \/>            <\/a>   \r\n                           <div class=\"entry-date\">7 d&#039;abril de 2026<\/div>\r\n                     <\/div>   \r\n\r\n         <div class=\"entry-content\">\r\n            <div class=\"content-inner\">\r\n               <div class=\"entry-meta\">\r\n                  <div class=\"meta-inline\"><span class=\"author vcard\"><i class=\"far fa-user-circle\"><\/i>by&nbsp;Comunicaci\u00f3 Actel<\/span><\/div>                  \r\n               <\/div> \r\n               <h2 class=\"entry-title\"><a href=\"https:\/\/actelgrup.com\/ca\/parlem-del-proces-de-floracio\/\" rel=\"bookmark\">Parlem del proc\u00e9s de floraci\u00f3<\/a><\/h2>\r\n               <div class=\"read-more\">\r\n                  <a class=\"btn-inline\" href=\"https:\/\/actelgrup.com\/ca\/parlem-del-proces-de-floracio\/\">Read more<\/a>\r\n               <\/div>\r\n            <\/div>\r\n         <\/div>\r\n      <\/div>   \r\n   <\/article>   \r\n<\/div>\r\n\r\n  \r\n<div class=\"all uncategorized-ca  item-columns\">\r\n   <article id=\"post-30253\" class=\"post-30253 post type-post status-publish format-standard has-post-thumbnail hentry category-uncategorized-ca\">\r\n      <div class=\"post-block post-style-1\">\r\n         <div class=\"post-thumbnail\">\r\n            <a href=\"https:\/\/actelgrup.com\/ca\/23-a-borsa-interpirinenca-de-cereals\/\">\r\n               <img decoding=\"async\" width=\"1200\" height=\"675\" src=\"https:\/\/actelgrup.com\/wp-content\/uploads\/2026\/04\/borsa-interpirinenca.jpg\" class=\"attachment-full size-full wp-post-image\" alt=\"23.\u00aa Borsa Interpirinenca de Cereals\" srcset=\"https:\/\/actelgrup.com\/wp-content\/uploads\/2026\/04\/borsa-interpirinenca.jpg 1200w, https:\/\/actelgrup.com\/wp-content\/uploads\/2026\/04\/borsa-interpirinenca-1024x576.jpg 1024w, https:\/\/actelgrup.com\/wp-content\/uploads\/2026\/04\/borsa-interpirinenca-768x432.jpg 768w\" sizes=\"(max-width: 1200px) 100vw, 1200px\" \/>            <\/a>   \r\n                           <div class=\"entry-date\">20 de mar\u00e7 de 2026<\/div>\r\n                     <\/div>   \r\n\r\n         <div class=\"entry-content\">\r\n            <div class=\"content-inner\">\r\n               <div class=\"entry-meta\">\r\n                  <div class=\"meta-inline\"><span class=\"author vcard\"><i class=\"far fa-user-circle\"><\/i>by&nbsp;Comunicaci\u00f3 Actel<\/span><\/div>                  \r\n               <\/div> \r\n               <h2 class=\"entry-title\"><a href=\"https:\/\/actelgrup.com\/ca\/23-a-borsa-interpirinenca-de-cereals\/\" rel=\"bookmark\">23.\u00aa Borsa Interpirinenca de Cereals<\/a><\/h2>\r\n               <div class=\"read-more\">\r\n                  <a class=\"btn-inline\" href=\"https:\/\/actelgrup.com\/ca\/23-a-borsa-interpirinenca-de-cereals\/\">Read more<\/a>\r\n               <\/div>\r\n            <\/div>\r\n         <\/div>\r\n      <\/div>   \r\n   <\/article>   \r\n<\/div>\r\n\r\n  \r\n<div class=\"all uncategorized-ca  item-columns\">\r\n   <article id=\"post-30247\" class=\"post-30247 post type-post status-publish format-standard has-post-thumbnail hentry category-uncategorized-ca\">\r\n      <div class=\"post-block post-style-1\">\r\n         <div class=\"post-thumbnail\">\r\n            <a href=\"https:\/\/actelgrup.com\/ca\/tot-el-que-cal-saber-sobre-la-dun-y-cge-2026\/\">\r\n               <img loading=\"lazy\" decoding=\"async\" width=\"1200\" height=\"675\" src=\"https:\/\/actelgrup.com\/wp-content\/uploads\/2026\/04\/dun-i-cge.jpg\" class=\"attachment-full size-full wp-post-image\" alt=\"Tot el que cal saber sobre la DUN y CGE 2026\" srcset=\"https:\/\/actelgrup.com\/wp-content\/uploads\/2026\/04\/dun-i-cge.jpg 1200w, https:\/\/actelgrup.com\/wp-content\/uploads\/2026\/04\/dun-i-cge-1024x576.jpg 1024w, https:\/\/actelgrup.com\/wp-content\/uploads\/2026\/04\/dun-i-cge-768x432.jpg 768w\" sizes=\"(max-width: 1200px) 100vw, 1200px\" \/>            <\/a>   \r\n                           <div class=\"entry-date\">19 de mar\u00e7 de 2026<\/div>\r\n                     <\/div>   \r\n\r\n         <div class=\"entry-content\">\r\n            <div class=\"content-inner\">\r\n               <div class=\"entry-meta\">\r\n                  <div class=\"meta-inline\"><span class=\"author vcard\"><i class=\"far fa-user-circle\"><\/i>by&nbsp;Comunicaci\u00f3 Actel<\/span><\/div>                  \r\n               <\/div> \r\n               <h2 class=\"entry-title\"><a href=\"https:\/\/actelgrup.com\/ca\/tot-el-que-cal-saber-sobre-la-dun-y-cge-2026\/\" rel=\"bookmark\">Tot el que cal saber sobre la DUN y CGE 2026<\/a><\/h2>\r\n               <div class=\"read-more\">\r\n                  <a class=\"btn-inline\" href=\"https:\/\/actelgrup.com\/ca\/tot-el-que-cal-saber-sobre-la-dun-y-cge-2026\/\">Read more<\/a>\r\n               <\/div>\r\n            <\/div>\r\n         <\/div>\r\n      <\/div>   \r\n   <\/article>   \r\n<\/div>\r\n\r\n  \r\n<div class=\"all uncategorized-ca  item-columns\">\r\n   <article id=\"post-30239\" class=\"post-30239 post type-post status-publish format-standard has-post-thumbnail hentry category-uncategorized-ca\">\r\n      <div class=\"post-block post-style-1\">\r\n         <div class=\"post-thumbnail\">\r\n            <a href=\"https:\/\/actelgrup.com\/ca\/fira-formaocupa\/\">\r\n               <img loading=\"lazy\" decoding=\"async\" width=\"1200\" height=\"675\" src=\"https:\/\/actelgrup.com\/wp-content\/uploads\/2026\/04\/0_plantilla-BLOG.jpg\" class=\"attachment-full size-full wp-post-image\" alt=\"Fira FormaOcupa\" srcset=\"https:\/\/actelgrup.com\/wp-content\/uploads\/2026\/04\/0_plantilla-BLOG.jpg 1200w, https:\/\/actelgrup.com\/wp-content\/uploads\/2026\/04\/0_plantilla-BLOG-1024x576.jpg 1024w, https:\/\/actelgrup.com\/wp-content\/uploads\/2026\/04\/0_plantilla-BLOG-768x432.jpg 768w\" sizes=\"(max-width: 1200px) 100vw, 1200px\" \/>            <\/a>   \r\n                           <div class=\"entry-date\">27 de febrer de 2026<\/div>\r\n                     <\/div>   \r\n\r\n         <div class=\"entry-content\">\r\n            <div class=\"content-inner\">\r\n               <div class=\"entry-meta\">\r\n                  <div class=\"meta-inline\"><span class=\"author vcard\"><i class=\"far fa-user-circle\"><\/i>by&nbsp;Comunicaci\u00f3 Actel<\/span><\/div>                  \r\n               <\/div> \r\n               <h2 class=\"entry-title\"><a href=\"https:\/\/actelgrup.com\/ca\/fira-formaocupa\/\" rel=\"bookmark\">Fira FormaOcupa<\/a><\/h2>\r\n               <div class=\"read-more\">\r\n                  <a class=\"btn-inline\" href=\"https:\/\/actelgrup.com\/ca\/fira-formaocupa\/\">Read more<\/a>\r\n               <\/div>\r\n            <\/div>\r\n         <\/div>\r\n      <\/div>   \r\n   <\/article>   \r\n<\/div>\r\n\r\n  \r\n<div class=\"all uncategorized-ca  item-columns\">\r\n   <article id=\"post-30185\" class=\"post-30185 post type-post status-publish format-standard has-post-thumbnail hentry category-uncategorized-ca\">\r\n      <div class=\"post-block post-style-1\">\r\n         <div class=\"post-thumbnail\">\r\n            <a href=\"https:\/\/actelgrup.com\/ca\/presents-a-la-fira-lider-europea-dalimentacio-begudes-i-food-service-alimentaria-barcelona-2026\/\">\r\n               <img loading=\"lazy\" decoding=\"async\" width=\"1200\" height=\"675\" src=\"https:\/\/actelgrup.com\/wp-content\/uploads\/2026\/03\/alimentaria.jpg\" class=\"attachment-full size-full wp-post-image\" alt=\"Presents a la fira l\u00edder europea d&#8217;alimentaci\u00f3, begudes i food service: Alimentaria Barcelona 2026\" srcset=\"https:\/\/actelgrup.com\/wp-content\/uploads\/2026\/03\/alimentaria.jpg 1200w, https:\/\/actelgrup.com\/wp-content\/uploads\/2026\/03\/alimentaria-1024x576.jpg 1024w, https:\/\/actelgrup.com\/wp-content\/uploads\/2026\/03\/alimentaria-768x432.jpg 768w\" sizes=\"(max-width: 1200px) 100vw, 1200px\" \/>            <\/a>   \r\n                           <div class=\"entry-date\">24 de febrer de 2026<\/div>\r\n                     <\/div>   \r\n\r\n         <div class=\"entry-content\">\r\n            <div class=\"content-inner\">\r\n               <div class=\"entry-meta\">\r\n                  <div class=\"meta-inline\"><span class=\"author vcard\"><i class=\"far fa-user-circle\"><\/i>by&nbsp;Comunicaci\u00f3 Actel<\/span><\/div>                  \r\n               <\/div> \r\n               <h2 class=\"entry-title\"><a href=\"https:\/\/actelgrup.com\/ca\/presents-a-la-fira-lider-europea-dalimentacio-begudes-i-food-service-alimentaria-barcelona-2026\/\" rel=\"bookmark\">Presents a la fira l\u00edder europea d&#8217;alimentaci\u00f3, begudes i food service: Alimentaria Barcelona 2026<\/a><\/h2>\r\n               <div class=\"read-more\">\r\n                  <a class=\"btn-inline\" href=\"https:\/\/actelgrup.com\/ca\/presents-a-la-fira-lider-europea-dalimentacio-begudes-i-food-service-alimentaria-barcelona-2026\/\">Read more<\/a>\r\n               <\/div>\r\n            <\/div>\r\n         <\/div>\r\n      <\/div>   \r\n   <\/article>   \r\n<\/div>\r\n\r\n  \r\n<div class=\"all uncategorized-ca  item-columns\">\r\n   <article id=\"post-30153\" class=\"post-30153 post type-post status-publish format-standard has-post-thumbnail hentry category-uncategorized-ca\">\r\n      <div class=\"post-block post-style-1\">\r\n         <div class=\"post-thumbnail\">\r\n            <a href=\"https:\/\/actelgrup.com\/ca\/presentes-en-la-feria-formaocupa\/\">\r\n               <img loading=\"lazy\" decoding=\"async\" width=\"1200\" height=\"675\" src=\"https:\/\/actelgrup.com\/wp-content\/uploads\/2026\/02\/formaocupa.jpg\" class=\"attachment-full size-full wp-post-image\" alt=\"Presentes en la feria FormaOcupa\" srcset=\"https:\/\/actelgrup.com\/wp-content\/uploads\/2026\/02\/formaocupa.jpg 1200w, https:\/\/actelgrup.com\/wp-content\/uploads\/2026\/02\/formaocupa-1024x576.jpg 1024w, https:\/\/actelgrup.com\/wp-content\/uploads\/2026\/02\/formaocupa-768x432.jpg 768w\" sizes=\"(max-width: 1200px) 100vw, 1200px\" \/>            <\/a>   \r\n                           <div class=\"entry-date\">18 de febrer de 2026<\/div>\r\n                     <\/div>   \r\n\r\n         <div class=\"entry-content\">\r\n            <div class=\"content-inner\">\r\n               <div class=\"entry-meta\">\r\n                  <div class=\"meta-inline\"><span class=\"author vcard\"><i class=\"far fa-user-circle\"><\/i>by&nbsp;Comunicaci\u00f3 Actel<\/span><\/div>                  \r\n               <\/div> \r\n               <h2 class=\"entry-title\"><a href=\"https:\/\/actelgrup.com\/ca\/presentes-en-la-feria-formaocupa\/\" rel=\"bookmark\">Presentes en la feria FormaOcupa<\/a><\/h2>\r\n               <div class=\"read-more\">\r\n                  <a class=\"btn-inline\" href=\"https:\/\/actelgrup.com\/ca\/presentes-en-la-feria-formaocupa\/\">Read more<\/a>\r\n               <\/div>\r\n            <\/div>\r\n         <\/div>\r\n      <\/div>   \r\n   <\/article>   \r\n<\/div>\r\n\r\n  \r\n<div class=\"all uncategorized-ca  item-columns\">\r\n   <article id=\"post-30147\" class=\"post-30147 post type-post status-publish format-standard has-post-thumbnail hentry category-uncategorized-ca\">\r\n      <div class=\"post-block post-style-1\">\r\n         <div class=\"post-thumbnail\">\r\n            <a href=\"https:\/\/actelgrup.com\/ca\/formacio-practica-per-cooperatives-collaboradores-en-la-tramitacio-de-la-dun-2026\/\">\r\n               <img loading=\"lazy\" decoding=\"async\" width=\"1200\" height=\"675\" src=\"https:\/\/actelgrup.com\/wp-content\/uploads\/2026\/02\/assessorament-dun.jpg\" class=\"attachment-full size-full wp-post-image\" alt=\"Formaci\u00f3 pr\u00e0ctica per cooperatives col\u00b7laboradores en la tramitaci\u00f3 de la DUN 2026\" srcset=\"https:\/\/actelgrup.com\/wp-content\/uploads\/2026\/02\/assessorament-dun.jpg 1200w, https:\/\/actelgrup.com\/wp-content\/uploads\/2026\/02\/assessorament-dun-1024x576.jpg 1024w, https:\/\/actelgrup.com\/wp-content\/uploads\/2026\/02\/assessorament-dun-768x432.jpg 768w\" sizes=\"(max-width: 1200px) 100vw, 1200px\" \/>            <\/a>   \r\n                           <div class=\"entry-date\">17 de febrer de 2026<\/div>\r\n                     <\/div>   \r\n\r\n         <div class=\"entry-content\">\r\n            <div class=\"content-inner\">\r\n               <div class=\"entry-meta\">\r\n                  <div class=\"meta-inline\"><span class=\"author vcard\"><i class=\"far fa-user-circle\"><\/i>by&nbsp;Comunicaci\u00f3 Actel<\/span><\/div>                  \r\n               <\/div> \r\n               <h2 class=\"entry-title\"><a href=\"https:\/\/actelgrup.com\/ca\/formacio-practica-per-cooperatives-collaboradores-en-la-tramitacio-de-la-dun-2026\/\" rel=\"bookmark\">Formaci\u00f3 pr\u00e0ctica per cooperatives col\u00b7laboradores en la tramitaci\u00f3 de la DUN 2026<\/a><\/h2>\r\n               <div class=\"read-more\">\r\n                  <a class=\"btn-inline\" href=\"https:\/\/actelgrup.com\/ca\/formacio-practica-per-cooperatives-collaboradores-en-la-tramitacio-de-la-dun-2026\/\">Read more<\/a>\r\n               <\/div>\r\n            <\/div>\r\n         <\/div>\r\n      <\/div>   \r\n   <\/article>   \r\n<\/div>\r\n\r\n          <\/div>\r\n      <\/div>\r\n                <div class=\"pagination\">\r\n              <div class=\"column one pager_wrapper\"><div class=\"pager\"><div class=\"paginations\"><a href=\"https:\/\/actelgrup.com\/ca\/wp-json\/wp\/v2\/pages\/21695\/\" class=\"page-item active\">1<\/a><a href=\"https:\/\/actelgrup.com\/ca\/wp-json\/wp\/v2\/pages\/21695\/page\/2\/\" class=\"page-item\">2<\/a><a href=\"https:\/\/actelgrup.com\/ca\/wp-json\/wp\/v2\/pages\/21695\/page\/3\/\" class=\"page-item\">3<\/a><span class=\"page-item\">... <\/span><a href=\"https:\/\/actelgrup.com\/ca\/wp-json\/wp\/v2\/pages\/21695\/page\/33\/\" class=\"page-item\">33<\/a><a class=\"next_page\" href=\"https:\/\/actelgrup.com\/ca\/wp-json\/wp\/v2\/pages\/21695\/page\/2\/\"><i class=\"fas fa-chevron-right\"><\/i><\/a><\/div><\/div><\/div>\n          <\/div>\r\n        <\/div>\r\n  <\/div>\t\t\t\t<\/div>\n\t\t\t\t<\/div>\n\t\t\t\t\t<\/div>\n\t\t<\/div>\n\t\t\t\t\t<\/div>\n\t\t<\/section>\n\t\t\t\t<\/div>\n\t\t","protected":false},"excerpt":{"rendered":"<p>Blog Estigues al dia de l\u2019actualitat d\u2019ActelGrup 20\/05\/2022 by&nbsp;Comunicaci\u00f3 Actel0 comments Trabajamos para la sostenibilidad Read more 20\/05\/2022 by&nbsp;Comunicaci\u00f3 Actel0 comments El vinagre, un esencial de la cocina mediterr\u00e1nea Read more 20\/05\/2022 by&nbsp;Comunicaci\u00f3 Actel0 comments Nos encontramos en plena campa\u00f1a de recolecci\u00f3n de alfalfa Read more 20\/05\/2022 by&nbsp;Comunicaci\u00f3 Actel0 comments Visitamos a nuestros socios de [&hellip;]<\/p>\n","protected":false},"author":1,"featured_media":0,"parent":0,"menu_order":0,"comment_status":"closed","ping_status":"closed","template":"elementor_header_footer","meta":{"_acf_changed":false,"_monsterinsights_skip_tracking":false,"_monsterinsights_sitenote_active":false,"_monsterinsights_sitenote_note":"","_monsterinsights_sitenote_category":0,"footnotes":""},"class_list":["post-21695","page","type-page","status-publish","hentry","post"],"acf":[],"_links":{"self":[{"href":"https:\/\/actelgrup.com\/ca\/wp-json\/wp\/v2\/pages\/21695","targetHints":{"allow":["GET"]}}],"collection":[{"href":"https:\/\/actelgrup.com\/ca\/wp-json\/wp\/v2\/pages"}],"about":[{"href":"https:\/\/actelgrup.com\/ca\/wp-json\/wp\/v2\/types\/page"}],"author":[{"embeddable":true,"href":"https:\/\/actelgrup.com\/ca\/wp-json\/wp\/v2\/users\/1"}],"replies":[{"embeddable":true,"href":"https:\/\/actelgrup.com\/ca\/wp-json\/wp\/v2\/comments?post=21695"}],"version-history":[{"count":1,"href":"https:\/\/actelgrup.com\/ca\/wp-json\/wp\/v2\/pages\/21695\/revisions"}],"predecessor-version":[{"id":21696,"href":"https:\/\/actelgrup.com\/ca\/wp-json\/wp\/v2\/pages\/21695\/revisions\/21696"}],"wp:attachment":[{"href":"https:\/\/actelgrup.com\/ca\/wp-json\/wp\/v2\/media?parent=21695"}],"curies":[{"name":"wp","href":"https:\/\/api.w.org\/{rel}","templated":true}]}}