{"id":21727,"date":"2022-03-21T17:00:27","date_gmt":"2022-03-21T17:00:27","guid":{"rendered":"https:\/\/novactel.centralsegur.com\/qui-som\/"},"modified":"2023-07-12T14:48:02","modified_gmt":"2023-07-12T14:48:02","slug":"qui-som","status":"publish","type":"page","link":"https:\/\/actelgrup.com\/ca\/qui-som\/","title":{"rendered":"Qui som"},"content":{"rendered":"\t\t<div data-elementor-type=\"wp-page\" data-elementor-id=\"21727\" class=\"elementor elementor-21727 elementor-16201\" data-elementor-post-type=\"page\">\n\t\t\t\t\t\t<section class=\"elementor-section elementor-top-section elementor-element elementor-element-e37e34c elementor-section-height-min-height elementor-section-full_width elementor-section-items-bottom elementor-section-height-default\" data-id=\"e37e34c\" data-element_type=\"section\" data-e-type=\"section\" data-settings=\"{&quot;background_background&quot;:&quot;classic&quot;}\">\n\t\t\t\t\t\t\t<div class=\"elementor-background-overlay\"><\/div>\n\t\t\t\t\t\t\t<div class=\"elementor-container elementor-column-gap-no\">\n\t\t\t\t\t<div class=\"elementor-column elementor-col-100 elementor-top-column elementor-element elementor-element-c3a70e0 top column-style-top\" data-id=\"c3a70e0\" data-element_type=\"column\" data-e-type=\"column\">\n\t\t\t<div class=\"elementor-widget-wrap elementor-element-populated\">\n\t\t\t\t\t\t<div class=\"elementor-element elementor-element-9cb5a17 elementor-widget elementor-widget-heading\" data-id=\"9cb5a17\" data-element_type=\"widget\" data-e-type=\"widget\" data-widget_type=\"heading.default\">\n\t\t\t\t<div class=\"elementor-widget-container\">\n\t\t\t\t\t<h1 class=\"elementor-heading-title elementor-size-default\">La cooperativa de cooperatives<\/h1>\t\t\t\t<\/div>\n\t\t\t\t<\/div>\n\t\t\t\t<div class=\"elementor-element elementor-element-2abcaae elementor-widget elementor-widget-text-editor\" data-id=\"2abcaae\" data-element_type=\"widget\" data-e-type=\"widget\" data-widget_type=\"text-editor.default\">\n\t\t\t\t<div class=\"elementor-widget-container\">\n\t\t\t\t\t\t\t\t\t\n          <p>ActelGrup, junts sumem<\/p>\n        \t\t\t\t\t\t\t\t<\/div>\n\t\t\t\t<\/div>\n\t\t\t\t\t<\/div>\n\t\t<\/div>\n\t\t\t\t\t<\/div>\n\t\t<\/section>\n\t\t\t\t<section class=\"elementor-section elementor-top-section elementor-element elementor-element-a306753 elementor-section-full_width elementor-section-height-default elementor-section-height-default\" data-id=\"a306753\" data-element_type=\"section\" data-e-type=\"section\">\n\t\t\t\t\t\t<div class=\"elementor-container elementor-column-gap-default\">\n\t\t\t\t\t<div class=\"elementor-column elementor-col-100 elementor-top-column elementor-element elementor-element-44a91d2 top column-style-top\" data-id=\"44a91d2\" data-element_type=\"column\" data-e-type=\"column\">\n\t\t\t<div class=\"elementor-widget-wrap elementor-element-populated\">\n\t\t\t\t\t\t<section class=\"elementor-section elementor-inner-section elementor-element elementor-element-300a8ba elementor-section-full_width elementor-section-height-default elementor-section-height-default\" data-id=\"300a8ba\" data-element_type=\"section\" data-e-type=\"section\">\n\t\t\t\t\t\t<div class=\"elementor-container elementor-column-gap-default\">\n\t\t\t\t\t<div class=\"elementor-column elementor-col-50 elementor-inner-column elementor-element elementor-element-bd86d92 top column-style-top\" data-id=\"bd86d92\" data-element_type=\"column\" data-e-type=\"column\">\n\t\t\t<div class=\"elementor-widget-wrap elementor-element-populated\">\n\t\t\t\t\t\t<div class=\"elementor-element elementor-element-0ecf5c5 elementor-widget elementor-widget-gva-heading-block\" data-id=\"0ecf5c5\" data-element_type=\"widget\" data-e-type=\"widget\" data-widget_type=\"gva-heading-block.default\">\n\t\t\t\t<div class=\"elementor-widget-container\">\n\t\t\t\t\t<div class=\"gva-element-gva-heading-block gva-element\">   <div class=\"align-left style-1 widget gsc-heading box-align-left\">\r\n      <div class=\"content-inner\">\r\n         \r\n                  \r\n           \r\n         \r\n                     <h2 class=\"title\">\r\n               <span>Benvinguda\tdel\nPresident<\/span>\r\n            <\/h2>\r\n                              <div class=\"title-desc\">Benvinguts a la web d\u2019ActelGrup, aqu\u00ed mostrem la nostra\nempresa cooperativa nascuda de la il\u00b7lusi\u00f3 i el treball d\u2019un\ngrup d\u2019agricultors que van unir les seves forces fa m\u00e9s de 40\nanys amb un objectiu com\u00fa: la creaci\u00f3 de la cooperativa de\nsegon grau, avui dia l\u00edder en el sector agroalimentari catal\u00e0 i\nun referent a nivell nacional.<\/span><\/strong><br><br>\nLes nostres cooperatives, els nostres productors i productores\ni els nostres treballadors i treballadores son els protagonistes\nd\u2019aquest desig participatiu que suposa un immens orgull, una\ngran responsabilitat i, a la vegada, constitueix la nostra gran\nfortalesa.<br><br>\nA   ActelGrup   treballem   per   aconseguir   una   agricultura\nsostenible i respectuosa amb el medi ambient, vetllant pel\nfutur   dels   nostres   joves   agricultors   i   agricultores   i   la\u200b\ncontinu\u00eftat de la terra. ActelGrup \u00e9s la nostra filosofia de vida\ni de treball. Som agricultors i cooperativistes, som el present i\nel futur de la nostra empresa cooperativa, el millor lloc on\npodem         estar         ara         i         sempre.<br><br>\n<span style=\"font-style:normal !important\">Josep Maria Codina<br>\nPresident<\/span>\n<\/div>\r\n         \r\n         \r\n      <\/div>\r\n   <\/div>\r\n   <div class=\"clearfix\"><\/div>\r\n<\/div>\t\t\t\t<\/div>\n\t\t\t\t<\/div>\n\t\t\t\t<div class=\"elementor-element elementor-element-62d59fa elementor-widget elementor-widget-gva-heading-block\" data-id=\"62d59fa\" data-element_type=\"widget\" data-e-type=\"widget\" data-widget_type=\"gva-heading-block.default\">\n\t\t\t\t<div class=\"elementor-widget-container\">\n\t\t\t\t\t<div class=\"gva-element-gva-heading-block gva-element\">   <div class=\"align-left style-1 widget gsc-heading box-align-left\">\r\n      <div class=\"content-inner\">\r\n         \r\n                  \r\n           \r\n         \r\n                  \r\n         \r\n      <\/div>\r\n   <\/div>\r\n   <div class=\"clearfix\"><\/div>\r\n<\/div>\t\t\t\t<\/div>\n\t\t\t\t<\/div>\n\t\t\t\t\t<\/div>\n\t\t<\/div>\n\t\t\t\t<div class=\"elementor-column elementor-col-50 elementor-inner-column elementor-element elementor-element-b01bc4d top column-style-top\" data-id=\"b01bc4d\" data-element_type=\"column\" data-e-type=\"column\">\n\t\t\t<div class=\"elementor-widget-wrap elementor-element-populated\">\n\t\t\t\t\t\t<div class=\"elementor-element elementor-element-9a9c3a0 elementor-widget elementor-widget-image\" data-id=\"9a9c3a0\" data-element_type=\"widget\" data-e-type=\"widget\" data-widget_type=\"image.default\">\n\t\t\t\t<div class=\"elementor-widget-container\">\n\t\t\t\t\t\t\t\t\t\t\t\t\t\t\t<img fetchpriority=\"high\" decoding=\"async\" width=\"1920\" height=\"1282\" src=\"https:\/\/actelgrup.com\/wp-content\/uploads\/2022\/03\/Consell-General-Actel-DSC_1701.jpg\" class=\"attachment-full size-full wp-image-21275\" alt=\"\" srcset=\"https:\/\/actelgrup.com\/wp-content\/uploads\/2022\/03\/Consell-General-Actel-DSC_1701.jpg 1920w, https:\/\/actelgrup.com\/wp-content\/uploads\/2022\/03\/Consell-General-Actel-DSC_1701-1024x684.jpg 1024w, https:\/\/actelgrup.com\/wp-content\/uploads\/2022\/03\/Consell-General-Actel-DSC_1701-768x513.jpg 768w\" sizes=\"(max-width: 1920px) 100vw, 1920px\" \/>\t\t\t\t\t\t\t\t\t\t\t\t\t\t\t<\/div>\n\t\t\t\t<\/div>\n\t\t\t\t\t<\/div>\n\t\t<\/div>\n\t\t\t\t\t<\/div>\n\t\t<\/section>\n\t\t\t\t\t<\/div>\n\t\t<\/div>\n\t\t\t\t\t<\/div>\n\t\t<\/section>\n\t\t\t\t<section class=\"elementor-section elementor-top-section elementor-element elementor-element-2f80f36 elementor-section-full_width elementor-section-height-default elementor-section-height-default\" data-id=\"2f80f36\" data-element_type=\"section\" data-e-type=\"section\" data-settings=\"{&quot;background_background&quot;:&quot;classic&quot;}\">\n\t\t\t\t\t\t<div class=\"elementor-container elementor-column-gap-default\">\n\t\t\t\t\t<div class=\"elementor-column elementor-col-100 elementor-top-column elementor-element elementor-element-1d9cba5 top column-style-top\" data-id=\"1d9cba5\" data-element_type=\"column\" data-e-type=\"column\">\n\t\t\t<div class=\"elementor-widget-wrap elementor-element-populated\">\n\t\t\t\t\t\t<div class=\"elementor-element elementor-element-9acde14 elementor-widget elementor-widget-heading\" data-id=\"9acde14\" data-element_type=\"widget\" data-e-type=\"widget\" data-widget_type=\"heading.default\">\n\t\t\t\t<div class=\"elementor-widget-container\">\n\t\t\t\t\t<h2 class=\"elementor-heading-title elementor-size-default\">ActelGrup, perqu\u00e8 Junts Sumem<\/h2>\t\t\t\t<\/div>\n\t\t\t\t<\/div>\n\t\t\t\t\t<\/div>\n\t\t<\/div>\n\t\t\t\t\t<\/div>\n\t\t<\/section>\n\t\t\t\t<section class=\"elementor-section elementor-top-section elementor-element elementor-element-364e2a2 elementor-section-full_width elementor-section-height-default elementor-section-height-default\" data-id=\"364e2a2\" data-element_type=\"section\" data-e-type=\"section\">\n\t\t\t\t\t\t<div class=\"elementor-container elementor-column-gap-default\">\n\t\t\t\t\t<div class=\"elementor-column elementor-col-100 elementor-top-column elementor-element elementor-element-2518643 top column-style-top\" data-id=\"2518643\" data-element_type=\"column\" data-e-type=\"column\">\n\t\t\t<div class=\"elementor-widget-wrap elementor-element-populated\">\n\t\t\t\t\t\t<section class=\"elementor-section elementor-inner-section elementor-element elementor-element-7afee4d elementor-section-full_width elementor-reverse-tablet elementor-reverse-mobile elementor-section-height-default elementor-section-height-default\" data-id=\"7afee4d\" data-element_type=\"section\" data-e-type=\"section\">\n\t\t\t\t\t\t<div class=\"elementor-container elementor-column-gap-default\">\n\t\t\t\t\t<div class=\"elementor-column elementor-col-33 elementor-inner-column elementor-element elementor-element-26cd3ab top column-style-top\" data-id=\"26cd3ab\" data-element_type=\"column\" data-e-type=\"column\">\n\t\t\t<div class=\"elementor-widget-wrap elementor-element-populated\">\n\t\t\t\t\t\t<div class=\"elementor-element elementor-element-3bd4765 elementor-widget elementor-widget-image\" data-id=\"3bd4765\" data-element_type=\"widget\" data-e-type=\"widget\" data-widget_type=\"image.default\">\n\t\t\t\t<div class=\"elementor-widget-container\">\n\t\t\t\t\t\t\t\t\t\t\t\t\t\t\t<img decoding=\"async\" width=\"700\" height=\"525\" src=\"https:\/\/actelgrup.com\/wp-content\/uploads\/2022\/03\/ACTEL-GRUP-QuienesSsomos-4x3-1-1.jpg\" class=\"attachment-full size-full wp-image-21330\" alt=\"\" \/>\t\t\t\t\t\t\t\t\t\t\t\t\t\t\t<\/div>\n\t\t\t\t<\/div>\n\t\t\t\t<div class=\"elementor-element elementor-element-adefcf6 elementor-widget elementor-widget-image\" data-id=\"adefcf6\" data-element_type=\"widget\" data-e-type=\"widget\" data-widget_type=\"image.default\">\n\t\t\t\t<div class=\"elementor-widget-container\">\n\t\t\t\t\t\t\t\t\t\t\t\t\t\t\t<img decoding=\"async\" width=\"700\" height=\"394\" src=\"https:\/\/actelgrup.com\/wp-content\/uploads\/2022\/03\/ACTEL-GRUP-QuienesSsomos-16x9-1.jpg\" class=\"attachment-full size-full wp-image-21315\" alt=\"\" \/>\t\t\t\t\t\t\t\t\t\t\t\t\t\t\t<\/div>\n\t\t\t\t<\/div>\n\t\t\t\t\t<\/div>\n\t\t<\/div>\n\t\t\t\t<div class=\"elementor-column elementor-col-33 elementor-inner-column elementor-element elementor-element-94fb460 top column-style-top\" data-id=\"94fb460\" data-element_type=\"column\" data-e-type=\"column\">\n\t\t\t<div class=\"elementor-widget-wrap elementor-element-populated\">\n\t\t\t\t\t\t<div class=\"elementor-element elementor-element-5c5ef6c elementor-widget elementor-widget-image\" data-id=\"5c5ef6c\" data-element_type=\"widget\" data-e-type=\"widget\" data-widget_type=\"image.default\">\n\t\t\t\t<div class=\"elementor-widget-container\">\n\t\t\t\t\t\t\t\t\t\t\t\t\t\t\t<img loading=\"lazy\" decoding=\"async\" width=\"525\" height=\"700\" src=\"https:\/\/actelgrup.com\/wp-content\/uploads\/2022\/03\/ACTEL-GRUP-QuienesSsomos-3x4-1-e1648122069441.jpg\" class=\"attachment-full size-full wp-image-21313\" alt=\"\" \/>\t\t\t\t\t\t\t\t\t\t\t\t\t\t\t<\/div>\n\t\t\t\t<\/div>\n\t\t\t\t\t<\/div>\n\t\t<\/div>\n\t\t\t\t<div class=\"elementor-column elementor-col-33 elementor-inner-column elementor-element elementor-element-5a936b5 top column-style-top\" data-id=\"5a936b5\" data-element_type=\"column\" data-e-type=\"column\">\n\t\t\t<div class=\"elementor-widget-wrap elementor-element-populated\">\n\t\t\t\t\t\t<div class=\"elementor-element elementor-element-471b0d0 aboutUs elementor-widget elementor-widget-gva-heading-block\" data-id=\"471b0d0\" data-element_type=\"widget\" data-e-type=\"widget\" data-widget_type=\"gva-heading-block.default\">\n\t\t\t\t<div class=\"elementor-widget-container\">\n\t\t\t\t\t<div class=\"gva-element-gva-heading-block gva-element\">   <div class=\"align-left style-1 widget gsc-heading box-align-left\">\r\n      <div class=\"content-inner\">\r\n         \r\n                  \r\n           \r\n         \r\n                     <h2 class=\"title\">\r\n               <span>Qui som<\/span>\r\n            <\/h2>\r\n                              <div class=\"title-desc\"><span class=\"redLineParagraph\">Som   una   cooperativa   de   segon   grau   amb <strong>\t43   anys\nd\u2019hist\u00f2ria.<\/strong><br>\nFormada   en   l\u2019actualitat   per  <strong>\t102 cooperatives de primer\ngrau   de   5   comunitats   aut\u00f2nomes.<\/strong>\tArag\u00f3,   Catalunya,\nCastella   i   Lle\u00f3,   Extremadura   i   la   Comunitat   Valenciana.\n<\/span><br><br><span class=\"restOfParagrah\">\n<strong>M\u00e9s de 6.500 fam\u00edlies, 430 treballadors\/es i 7 centres\nde treball.<\/strong>\n\tDes   de   la   seva   fundaci\u00f3   el   1980,   ActelGrup   ha\nestat al servei de les seves cooperatives, socis, treballadors i\nclients.<br><br>\nEl   nostre   objectiu   \u00e9s   donar   un   servei   integral   a   les\ncooperatives des del camp fins a la comercialitzaci\u00f3, aix\u00ed com aconseguir la millor valoraci\u00f3 de les produccions dels nostres\nsocis   i   s\u00f2cies   des   de   les   seccions   de   fruita,   extensius   i\nsubministraments   i   des   de   Central,   la   nostra   corredoria\nd\u2019assegurances.<br><br>\n<strong>Productes de qualitat des de l\u2019origen<\/strong>\n<\/span><\/div>\r\n         \r\n         \r\n      <\/div>\r\n   <\/div>\r\n   <div class=\"clearfix\"><\/div>\r\n<\/div>\t\t\t\t<\/div>\n\t\t\t\t<\/div>\n\t\t\t\t<div class=\"elementor-element elementor-element-3f423e4 elementor-widget elementor-widget-gva-heading-block\" data-id=\"3f423e4\" data-element_type=\"widget\" data-e-type=\"widget\" data-widget_type=\"gva-heading-block.default\">\n\t\t\t\t<div class=\"elementor-widget-container\">\n\t\t\t\t\t<div class=\"gva-element-gva-heading-block gva-element\">   <div class=\"align-left style-1 widget gsc-heading box-align-left\">\r\n      <div class=\"content-inner\">\r\n         \r\n                  \r\n           \r\n         \r\n                  \r\n         \r\n      <\/div>\r\n   <\/div>\r\n   <div class=\"clearfix\"><\/div>\r\n<\/div>\t\t\t\t<\/div>\n\t\t\t\t<\/div>\n\t\t\t\t\t<\/div>\n\t\t<\/div>\n\t\t\t\t\t<\/div>\n\t\t<\/section>\n\t\t\t\t\t<\/div>\n\t\t<\/div>\n\t\t\t\t\t<\/div>\n\t\t<\/section>\n\t\t\t\t<\/div>\n\t\t","protected":false},"excerpt":{"rendered":"<p>La cooperativa de cooperatives ActelGrup, junts sumem Benvinguda del President Benvinguts a la web d\u2019ActelGrup, aqu\u00ed mostrem la nostra empresa cooperativa nascuda de la il\u00b7lusi\u00f3 i el treball d\u2019un grup d\u2019agricultors que van unir les seves forces fa m\u00e9s de 40 anys amb un objectiu com\u00fa: la creaci\u00f3 de la cooperativa de segon grau, avui [&hellip;]<\/p>\n","protected":false},"author":1,"featured_media":0,"parent":0,"menu_order":0,"comment_status":"closed","ping_status":"closed","template":"elementor_header_footer","meta":{"_acf_changed":false,"_monsterinsights_skip_tracking":false,"_monsterinsights_sitenote_active":false,"_monsterinsights_sitenote_note":"","_monsterinsights_sitenote_category":0,"footnotes":""},"class_list":["post-21727","page","type-page","status-publish","hentry"],"acf":[],"_links":{"self":[{"href":"https:\/\/actelgrup.com\/ca\/wp-json\/wp\/v2\/pages\/21727","targetHints":{"allow":["GET"]}}],"collection":[{"href":"https:\/\/actelgrup.com\/ca\/wp-json\/wp\/v2\/pages"}],"about":[{"href":"https:\/\/actelgrup.com\/ca\/wp-json\/wp\/v2\/types\/page"}],"author":[{"embeddable":true,"href":"https:\/\/actelgrup.com\/ca\/wp-json\/wp\/v2\/users\/1"}],"replies":[{"embeddable":true,"href":"https:\/\/actelgrup.com\/ca\/wp-json\/wp\/v2\/comments?post=21727"}],"version-history":[{"count":16,"href":"https:\/\/actelgrup.com\/ca\/wp-json\/wp\/v2\/pages\/21727\/revisions"}],"predecessor-version":[{"id":25618,"href":"https:\/\/actelgrup.com\/ca\/wp-json\/wp\/v2\/pages\/21727\/revisions\/25618"}],"wp:attachment":[{"href":"https:\/\/actelgrup.com\/ca\/wp-json\/wp\/v2\/media?parent=21727"}],"curies":[{"name":"wp","href":"https:\/\/api.w.org\/{rel}","templated":true}]}}