{"id":22204,"date":"2022-03-22T11:38:56","date_gmt":"2022-03-22T11:38:56","guid":{"rendered":"https:\/\/novactel.centralsegur.com\/acces-socis\/"},"modified":"2022-06-08T16:30:01","modified_gmt":"2022-06-08T16:30:01","slug":"acces-socis","status":"publish","type":"page","link":"https:\/\/actelgrup.com\/ca\/acces-socis\/","title":{"rendered":"Acc\u00e9s socis"},"content":{"rendered":"\t\t<div data-elementor-type=\"wp-page\" data-elementor-id=\"22204\" class=\"elementor elementor-22204 elementor-16415\" data-elementor-post-type=\"page\">\n\t\t\t\t\t\t<section class=\"elementor-section elementor-top-section elementor-element elementor-element-53a61761 elementor-section-height-min-height elementor-section-full_width elementor-section-items-bottom elementor-section-height-default\" data-id=\"53a61761\" data-element_type=\"section\" data-e-type=\"section\" data-settings=\"{&quot;background_background&quot;:&quot;classic&quot;}\">\n\t\t\t\t\t\t\t<div class=\"elementor-background-overlay\"><\/div>\n\t\t\t\t\t\t\t<div class=\"elementor-container elementor-column-gap-no\">\n\t\t\t\t\t<div class=\"elementor-column elementor-col-100 elementor-top-column elementor-element elementor-element-2f0ab431 top column-style-top\" data-id=\"2f0ab431\" data-element_type=\"column\" data-e-type=\"column\">\n\t\t\t<div class=\"elementor-widget-wrap elementor-element-populated\">\n\t\t\t\t\t\t<div class=\"elementor-element elementor-element-1cb7a878 elementor-widget elementor-widget-heading\" data-id=\"1cb7a878\" data-element_type=\"widget\" data-e-type=\"widget\" data-widget_type=\"heading.default\">\n\t\t\t\t<div class=\"elementor-widget-container\">\n\t\t\t\t\t<h1 class=\"elementor-heading-title elementor-size-default\">Acc\u00e9s socis<\/h1>\t\t\t\t<\/div>\n\t\t\t\t<\/div>\n\t\t\t\t<div class=\"elementor-element elementor-element-51a40958 elementor-widget elementor-widget-heading\" data-id=\"51a40958\" data-element_type=\"widget\" data-e-type=\"widget\" data-widget_type=\"heading.default\">\n\t\t\t\t<div class=\"elementor-widget-container\">\n\t\t\t\t\t<h2 class=\"elementor-heading-title elementor-size-default\">Manteniu-vos al dia de totes les novetats<\/h2>\t\t\t\t<\/div>\n\t\t\t\t<\/div>\n\t\t\t\t\t<\/div>\n\t\t<\/div>\n\t\t\t\t\t<\/div>\n\t\t<\/section>\n\t\t\t\t<section class=\"elementor-section elementor-top-section elementor-element elementor-element-167cf4ce elementor-section-full_width elementor-section-height-default elementor-section-height-default\" data-id=\"167cf4ce\" data-element_type=\"section\" data-e-type=\"section\">\n\t\t\t\t\t\t<div class=\"elementor-container elementor-column-gap-default\">\n\t\t\t\t\t<div class=\"elementor-column elementor-col-100 elementor-top-column elementor-element elementor-element-2773f603 top column-style-top\" data-id=\"2773f603\" data-element_type=\"column\" data-e-type=\"column\">\n\t\t\t<div class=\"elementor-widget-wrap elementor-element-populated\">\n\t\t\t\t\t\t<div class=\"elementor-element elementor-element-7702760f elementor-widget elementor-widget-heading\" data-id=\"7702760f\" data-element_type=\"widget\" data-e-type=\"widget\" data-widget_type=\"heading.default\">\n\t\t\t\t<div class=\"elementor-widget-container\">\n\t\t\t\t\t<h2 class=\"elementor-heading-title elementor-size-default\">Selecciona la teva \u00e0rea<\/h2>\t\t\t\t<\/div>\n\t\t\t\t<\/div>\n\t\t\t\t<section class=\"elementor-section elementor-inner-section elementor-element elementor-element-477c52e0 elementor-section-full_width elementor-section-height-default elementor-section-height-default\" data-id=\"477c52e0\" data-element_type=\"section\" data-e-type=\"section\">\n\t\t\t\t\t\t<div class=\"elementor-container elementor-column-gap-default\">\n\t\t\t\t\t<div class=\"elementor-column elementor-col-50 elementor-inner-column elementor-element elementor-element-67810d58 top column-style-top\" data-id=\"67810d58\" data-element_type=\"column\" data-e-type=\"column\">\n\t\t\t<div class=\"elementor-widget-wrap elementor-element-populated\">\n\t\t\t\t\t\t<div class=\"elementor-element elementor-element-0d7f189 accessT elementor-widget elementor-widget-gva-call-to-action\" data-id=\"0d7f189\" data-element_type=\"widget\" data-e-type=\"widget\" data-widget_type=\"gva-call-to-action.default\">\n\t\t\t\t<div class=\"elementor-widget-container\">\n\t\t\t\t\t<div class=\"gva-element-gva-call-to-action gva-element\">\r\n   <div class=\"button-center widget gsc-call-to-action\">\r\n      <div class=\"content-inner clearfix\" >\r\n         <div class=\"cta-content\">\r\n                           <h2 class=\"title\">\r\n                  <span>Acc\u00e9s a Quality<\/span>\r\n               <\/h2>\r\n                                                   <div class=\"desc\">El programa Quality \u00e9s una eina que cont\u00e9 la informaci\u00f3 de la quantitat i qualitat de la fruita dels socis i s\u00f2cies d\u2019ActelGrup<\/div>\r\n                     <\/div>\r\n                     <div class=\"button-action\">\r\n                       <a href=\"https:\/\/qualityactel.herokuapp.com\/\" class=\"btn-cta btn-theme\" target=\"_blank\">\r\n          <span>ACCEDEIX<\/span>\r\n        <\/a>\r\n\r\n                    <\/div>\r\n               <\/div>\r\n   <\/div>\r\n<\/div>\t\t\t\t<\/div>\n\t\t\t\t<\/div>\n\t\t\t\t\t<\/div>\n\t\t<\/div>\n\t\t\t\t<div class=\"elementor-column elementor-col-50 elementor-inner-column elementor-element elementor-element-20e1ad12 top column-style-top\" data-id=\"20e1ad12\" data-element_type=\"column\" data-e-type=\"column\">\n\t\t\t<div class=\"elementor-widget-wrap elementor-element-populated\">\n\t\t\t\t\t\t<div class=\"elementor-element elementor-element-106c750 accessT elementor-widget elementor-widget-gva-call-to-action\" data-id=\"106c750\" data-element_type=\"widget\" data-e-type=\"widget\" data-widget_type=\"gva-call-to-action.default\">\n\t\t\t\t<div class=\"elementor-widget-container\">\n\t\t\t\t\t<div class=\"gva-element-gva-call-to-action gva-element\">\r\n   <div class=\"button-center widget gsc-call-to-action\">\r\n      <div class=\"content-inner clearfix\" >\r\n         <div class=\"cta-content\">\r\n                           <h2 class=\"title\">\r\n                  <span>Acc\u00e9s a Hesperides V5<\/span>\r\n               <\/h2>\r\n                                                   <div class=\"desc\">El programa Hesperides \u00e9s l\u2019eina per gestionar els quaderns de camps dels socis i s\u00f2cies d\u2019ActelGrup\n<\/div>\r\n                     <\/div>\r\n                     <div class=\"button-action\">\r\n                       <a href=\"http:\/\/hesperides.coopdeclick.com\/\" class=\"btn-cta btn-theme\" target=\"_blank\">\r\n          <span>ACCEDEIX<\/span>\r\n        <\/a>\r\n\r\n                    <\/div>\r\n               <\/div>\r\n   <\/div>\r\n<\/div>\t\t\t\t<\/div>\n\t\t\t\t<\/div>\n\t\t\t\t\t<\/div>\n\t\t<\/div>\n\t\t\t\t\t<\/div>\n\t\t<\/section>\n\t\t\t\t\t<\/div>\n\t\t<\/div>\n\t\t\t\t\t<\/div>\n\t\t<\/section>\n\t\t\t\t<\/div>\n\t\t","protected":false},"excerpt":{"rendered":"<p>Acc\u00e9s socis Manteniu-vos al dia de totes les novetats Selecciona la teva \u00e0rea Acc\u00e9s a Quality El programa Quality \u00e9s una eina que cont\u00e9 la informaci\u00f3 de la quantitat i qualitat de la fruita dels socis i s\u00f2cies d\u2019ActelGrup ACCEDEIX Acc\u00e9s a Hesperides V5 El programa Hesperides \u00e9s l\u2019eina per gestionar els quaderns de camps [&hellip;]<\/p>\n","protected":false},"author":1,"featured_media":0,"parent":0,"menu_order":0,"comment_status":"closed","ping_status":"closed","template":"elementor_header_footer","meta":{"_acf_changed":false,"_monsterinsights_skip_tracking":false,"_monsterinsights_sitenote_active":false,"_monsterinsights_sitenote_note":"","_monsterinsights_sitenote_category":0,"footnotes":""},"class_list":["post-22204","page","type-page","status-publish","hentry"],"acf":[],"_links":{"self":[{"href":"https:\/\/actelgrup.com\/ca\/wp-json\/wp\/v2\/pages\/22204","targetHints":{"allow":["GET"]}}],"collection":[{"href":"https:\/\/actelgrup.com\/ca\/wp-json\/wp\/v2\/pages"}],"about":[{"href":"https:\/\/actelgrup.com\/ca\/wp-json\/wp\/v2\/types\/page"}],"author":[{"embeddable":true,"href":"https:\/\/actelgrup.com\/ca\/wp-json\/wp\/v2\/users\/1"}],"replies":[{"embeddable":true,"href":"https:\/\/actelgrup.com\/ca\/wp-json\/wp\/v2\/comments?post=22204"}],"version-history":[{"count":4,"href":"https:\/\/actelgrup.com\/ca\/wp-json\/wp\/v2\/pages\/22204\/revisions"}],"predecessor-version":[{"id":22212,"href":"https:\/\/actelgrup.com\/ca\/wp-json\/wp\/v2\/pages\/22204\/revisions\/22212"}],"wp:attachment":[{"href":"https:\/\/actelgrup.com\/ca\/wp-json\/wp\/v2\/media?parent=22204"}],"curies":[{"name":"wp","href":"https:\/\/api.w.org\/{rel}","templated":true}]}}