{"id":22661,"date":"2022-03-22T13:25:07","date_gmt":"2022-03-22T13:25:07","guid":{"rendered":"https:\/\/actelgrup.com\/avis-legal\/"},"modified":"2026-01-28T14:18:54","modified_gmt":"2026-01-28T14:18:54","slug":"avis-legal","status":"publish","type":"page","link":"https:\/\/actelgrup.com\/ca\/avis-legal\/","title":{"rendered":"Av\u00eds legal"},"content":{"rendered":"\t\t<div data-elementor-type=\"wp-page\" data-elementor-id=\"22661\" class=\"elementor elementor-22661 elementor-16463\" data-elementor-post-type=\"page\">\n\t\t\t\t\t\t<section class=\"elementor-section elementor-top-section elementor-element elementor-element-33909310 elementor-section-height-min-height elementor-section-full_width elementor-section-items-bottom elementor-section-height-default\" data-id=\"33909310\" data-element_type=\"section\" data-e-type=\"section\" data-settings=\"{&quot;background_background&quot;:&quot;classic&quot;}\">\n\t\t\t\t\t\t\t<div class=\"elementor-background-overlay\"><\/div>\n\t\t\t\t\t\t\t<div class=\"elementor-container elementor-column-gap-no\">\n\t\t\t\t\t<div class=\"elementor-column elementor-col-100 elementor-top-column elementor-element elementor-element-483b61d1 top column-style-top\" data-id=\"483b61d1\" data-element_type=\"column\" data-e-type=\"column\">\n\t\t\t<div class=\"elementor-widget-wrap elementor-element-populated\">\n\t\t\t\t\t\t<div class=\"elementor-element elementor-element-6ab730c7 elementor-widget elementor-widget-heading\" data-id=\"6ab730c7\" data-element_type=\"widget\" data-e-type=\"widget\" data-widget_type=\"heading.default\">\n\t\t\t\t<div class=\"elementor-widget-container\">\n\t\t\t\t\t<h1 class=\"elementor-heading-title elementor-size-default\">Av\u00eds legal<\/h1>\t\t\t\t<\/div>\n\t\t\t\t<\/div>\n\t\t\t\t\t<\/div>\n\t\t<\/div>\n\t\t\t\t\t<\/div>\n\t\t<\/section>\n\t\t\t\t<section class=\"elementor-section elementor-top-section elementor-element elementor-element-65129ebe elementor-section-full_width elementor-section-height-default elementor-section-height-default\" data-id=\"65129ebe\" data-element_type=\"section\" data-e-type=\"section\">\n\t\t\t\t\t\t<div class=\"elementor-container elementor-column-gap-default\">\n\t\t\t\t\t<div class=\"elementor-column elementor-col-100 elementor-top-column elementor-element elementor-element-37d5e44b top column-style-top\" data-id=\"37d5e44b\" data-element_type=\"column\" data-e-type=\"column\">\n\t\t\t<div class=\"elementor-widget-wrap elementor-element-populated\">\n\t\t\t\t\t\t<div class=\"elementor-element elementor-element-2ceb02e4 elementor-widget elementor-widget-text-editor\" data-id=\"2ceb02e4\" data-element_type=\"widget\" data-e-type=\"widget\" data-widget_type=\"text-editor.default\">\n\t\t\t\t<div class=\"elementor-widget-container\">\n\t\t\t\t\t\t\t\t\t<p>Benvingut a la p\u00e0gina web <strong>d&#8217;ActelGrup<\/strong> (actelgrup.com)<\/p><p>A continuaci\u00f3, exposem les condicions d\u2019\u00fas d\u2019aquesta p\u00e0gina web. La navegaci\u00f3 per aquesta p\u00e0gina web us atorga el paper d&#8217;usuari i, per tant, accepta les cl\u00e0usules detallades en aquest document.<\/p><p><em>1- <u>IDENTIFICACI\u00d3<\/u><\/em><\/p><p>De conformitat amb all\u00f2 que disposa l&#8217;article 10 de la Llei 34\/2002, d&#8217;11 de juliol, de Serveis de Societat de la Informaci\u00f3 i Comer\u00e7 Electr\u00f2nic, s&#8217;informa que <a href=\"http:\/\/agenciaoma.com\/\">actelgrup.com<\/a> \u00e9s un domini de l&#8217;empresa <strong>Actel, SCCL<\/strong>, amb domicili social a Ctra. Vall d&#8217;Aran km 3 \u2013 25196 LLEIDA, i amb tel\u00e8fon 973 700 800.<\/p><p>La societat es denomina <strong>Actel, SCCL<\/strong>, amb CIF F-25023938, i figura inscrita al Registre de Cooperatives amb el n\u00famero SCG 53.<\/p><p>Constitueixen ActelGrup les empreses seg\u00fcents:<\/p><table width=\"604\"><tbody><tr><td width=\"236\"><p>CENTRAL ASSEGURANCES S.L.U.<\/p><\/td><td width=\"104\"><p>B25058793<\/p><\/td><td width=\"264\"><p>Ctra. Vall d\u2019Aran, km.3 25196 Lleida<\/p><\/td><\/tr><tr><td width=\"236\"><p>INTERAGRO S.C.C.L.<\/p><\/td><td width=\"104\"><p>F25265638<\/p><\/td><td width=\"264\"><p>Ctra. Vall d\u2019Aran, km.3 25196 Lleida<\/p><\/td><\/tr><tr><td width=\"236\"><p>NOVA AGRICULTURA S.C.C.L.<\/p><\/td><td width=\"104\"><p>F25035270<\/p><\/td><td width=\"264\"><p>Ctra. Vall d\u2019Aran, km.3 25196 Lleida<\/p><\/td><\/tr><tr><td width=\"236\"><p>ADA 2100 S.L.<\/p><\/td><td width=\"104\"><p>B25391509<\/p><\/td><td width=\"264\"><p>Ctra. Vall d&#8217;Aran, Km.3, 25196 Lleida<\/p><\/td><\/tr><tr><td width=\"236\"><p>TOP QUALITY FRUITS S.L.<\/p><\/td><td width=\"104\"><p>B25711334<\/p><\/td><td width=\"264\"><p>Ctra. Vall d&#8217;Aran, Km.3, 25196 Lleida<\/p><\/td><\/tr><tr><td width=\"236\"><p>ALMACENES SAN MATEO, S.L.U.<\/p><\/td><td width=\"104\"><p>B22203335<\/p><\/td><td width=\"264\"><p>Partida la val, 22415 Selgua, Huesca<\/p><\/td><\/tr><\/tbody><\/table><p><em>2- <u>NORMES D&#8217;UTILITZACI\u00d3<\/u><\/em><\/p><p>L&#8217;usuari es compromet a fer un \u00fas adequat i l\u00edcit del lloc web, aix\u00ed com dels continguts i serveis, de conformitat amb la legislaci\u00f3 aplicable a cada moment, la moral i els bons costums generalment acceptats i l&#8217;ordre p\u00fablic.<\/p><p>Queda prohibit realitzar, per part seva, qualsevol acci\u00f3 que pugui provocar alteracions dels continguts d&#8217;aquesta web o un mal funcionament d&#8217;aquesta, incloent-hi la introducci\u00f3 de virus o similars.<\/p><p><em>3- <u>PROPIETAT INTEL\u00b7LECTUAL<\/u><\/em><\/p><p>Les p\u00e0gines de la web i la informaci\u00f3 o els elements que cont\u00e9 inclouen textos, documents, fotografies, dibuixos, representacions gr\u00e0fiques, bases de dades, v\u00eddeos i tamb\u00e9 logotips, marques, noms comercials o altres signes distintius, i estan protegits per drets de propietat intel\u00b7lectual o industrial, dels quals Actel, SCCL o les empreses del seu grup en s\u00f3n titulars, o de llic\u00e8ncies leg\u00edtimes.<\/p><p>Queda prohibida qualsevol modalitat d\u2019explotaci\u00f3, incloent-hi qualsevol tipus de reproducci\u00f3, distribuci\u00f3, cessi\u00f3 a tercers, comunicaci\u00f3 p\u00fablica i transformaci\u00f3, mitjan\u00e7ant qualsevol tipus de suport i mitj\u00e0, sense l\u2019autoritzaci\u00f3 pr\u00e8via i expressa.<\/p><p><em>4- <u>RESPONSABILITAT<\/u><\/em><\/p><p>La nostra intenci\u00f3 \u00e9s oferir un lloc web amb un funcionament continuat i de m\u00e0xima qualitat.<\/p><p>De tota manera, us informem que no podem garantir l&#8217;acc\u00e9s continuat i que les p\u00e0gines es puguin trobar impedides, o interrompudes, per factors o circumst\u00e0ncies alienes a la nostra voluntat.<\/p><p>Actel, SCCL no \u00e9s responsable de la informaci\u00f3 i d&#8217;altres continguts integrats en espais o p\u00e0gines web de tercers accessibles mitjan\u00e7ant enlla\u00e7os i hipervincles.<\/p><p>Actel, SCCL no es fa responsable dels perjudicis que poguessin derivar, entre d&#8217;altres, de:<\/p><ul><li>interfer\u00e8ncies, interrupcions, fallades, omissions, avaries telef\u00f2niques, retards, bloquejos o desconnexions en el funcionament del sistema electr\u00f2nic motivades per defici\u00e8ncies, sobrec\u00e0rregues i errors a les l\u00ednies i xarxes de telecomunicacions.<\/li><li>Intromissions il\u00b7leg\u00edtimes mitjan\u00e7ant l&#8217;\u00fas de programes malignes de qualsevol tipus i mitjan\u00e7ant qualsevol mitj\u00e0 de comunicaci\u00f3.<\/li><li>\u00das indegut o inadequat del lloc web.<\/li><li>Errors produ\u00efts per un mal funcionament del navegador o per l\u2019\u00fas de versions no actualitzades.<\/li><\/ul><p>En cas que l&#8217;usuari causi danys i perjudicis per un \u00fas il\u00b7l\u00edcit o incorrecte d&#8217;aquest lloc web, se&#8217;l podr\u00e0 reclamar.<\/p><p>Aix\u00ed mateix, l&#8217;usuari ha de respondre davant qualsevol dany i perjudici que es derivi de l&#8217;\u00fas per part seva de robots, spiders o eines similars utilitzades per demanar o extreure dades o de qualsevol altra actuaci\u00f3 per part seva que imposi una c\u00e0rrega irraonable sobre el funcionament del lloc web.<\/p><p><em>5 \u2013<u> \u00daS DE LES COOKIES<\/u><\/em><\/p><p>Actel, SCCL, mitjan\u00e7ant la seva web, utilitzar\u00e0 cookies quan l&#8217;usuari hi navegui. Les cookies s&#8217;associen \u00fanicament a un usuari an\u00f2nim i al vostre ordinador, i no proporcionen refer\u00e8ncies que permetin deduir el nom i cognoms de l&#8217;usuari. L&#8217;usuari t\u00e9 l&#8217;opci\u00f3 d&#8217;impedir la generaci\u00f3 de cookies mitjan\u00e7ant la selecci\u00f3 de la corresponent opci\u00f3 al vostre navegador. <a href=\"http:\/\/actelgrup.com\/es\/politica-d-cookies\">Mirar la pol\u00edtica de galetes.<\/a><\/p><p><em>6\u2013<u> LEGISLACI\u00d3<\/u><\/em><\/p><p>Qualsevol controv\u00e8rsia que sorgeixi o tingui relaci\u00f3 amb l\u2019\u00fas de la p\u00e0gina web ser\u00e0 sotmesa a la jurisdicci\u00f3 no exclusiva dels jutjats i tribunals espanyols.<\/p>\t\t\t\t\t\t\t\t<\/div>\n\t\t\t\t<\/div>\n\t\t\t\t\t<\/div>\n\t\t<\/div>\n\t\t\t\t\t<\/div>\n\t\t<\/section>\n\t\t\t\t<\/div>\n\t\t","protected":false},"excerpt":{"rendered":"<p>Av\u00eds legal Benvingut a la p\u00e0gina web d&#8217;ActelGrup (actelgrup.com) A continuaci\u00f3, exposem les condicions d\u2019\u00fas d\u2019aquesta p\u00e0gina web. La navegaci\u00f3 per aquesta p\u00e0gina web us atorga el paper d&#8217;usuari i, per tant, accepta les cl\u00e0usules detallades en aquest document. 1- IDENTIFICACI\u00d3 De conformitat amb all\u00f2 que disposa l&#8217;article 10 de la Llei 34\/2002, d&#8217;11 de [&hellip;]<\/p>\n","protected":false},"author":1,"featured_media":0,"parent":0,"menu_order":0,"comment_status":"closed","ping_status":"closed","template":"elementor_header_footer","meta":{"_acf_changed":false,"_monsterinsights_skip_tracking":false,"_monsterinsights_sitenote_active":false,"_monsterinsights_sitenote_note":"","_monsterinsights_sitenote_category":0,"footnotes":""},"class_list":["post-22661","page","type-page","status-publish","hentry"],"acf":[],"_links":{"self":[{"href":"https:\/\/actelgrup.com\/ca\/wp-json\/wp\/v2\/pages\/22661","targetHints":{"allow":["GET"]}}],"collection":[{"href":"https:\/\/actelgrup.com\/ca\/wp-json\/wp\/v2\/pages"}],"about":[{"href":"https:\/\/actelgrup.com\/ca\/wp-json\/wp\/v2\/types\/page"}],"author":[{"embeddable":true,"href":"https:\/\/actelgrup.com\/ca\/wp-json\/wp\/v2\/users\/1"}],"replies":[{"embeddable":true,"href":"https:\/\/actelgrup.com\/ca\/wp-json\/wp\/v2\/comments?post=22661"}],"version-history":[{"count":13,"href":"https:\/\/actelgrup.com\/ca\/wp-json\/wp\/v2\/pages\/22661\/revisions"}],"predecessor-version":[{"id":30017,"href":"https:\/\/actelgrup.com\/ca\/wp-json\/wp\/v2\/pages\/22661\/revisions\/30017"}],"wp:attachment":[{"href":"https:\/\/actelgrup.com\/ca\/wp-json\/wp\/v2\/media?parent=22661"}],"curies":[{"name":"wp","href":"https:\/\/api.w.org\/{rel}","templated":true}]}}