{"id":22683,"date":"2022-03-22T13:31:35","date_gmt":"2022-03-22T13:31:35","guid":{"rendered":"https:\/\/actelgrup.com\/politica-de-privacitat\/"},"modified":"2025-11-05T10:43:03","modified_gmt":"2025-11-05T10:43:03","slug":"politica-de-privacitat","status":"publish","type":"page","link":"https:\/\/actelgrup.com\/ca\/politica-de-privacitat\/","title":{"rendered":"Pol\u00edtica de privacitat"},"content":{"rendered":"\t\t<div data-elementor-type=\"wp-page\" data-elementor-id=\"22683\" class=\"elementor elementor-22683 elementor-16479\" data-elementor-post-type=\"page\">\n\t\t\t\t\t\t<section class=\"elementor-section elementor-top-section elementor-element elementor-element-4aeec42d elementor-section-height-min-height elementor-section-full_width elementor-section-items-bottom elementor-section-height-default\" data-id=\"4aeec42d\" data-element_type=\"section\" data-e-type=\"section\" data-settings=\"{&quot;background_background&quot;:&quot;classic&quot;}\">\n\t\t\t\t\t\t\t<div class=\"elementor-background-overlay\"><\/div>\n\t\t\t\t\t\t\t<div class=\"elementor-container elementor-column-gap-no\">\n\t\t\t\t\t<div class=\"elementor-column elementor-col-100 elementor-top-column elementor-element elementor-element-15c7af1c top column-style-top\" data-id=\"15c7af1c\" data-element_type=\"column\" data-e-type=\"column\">\n\t\t\t<div class=\"elementor-widget-wrap elementor-element-populated\">\n\t\t\t\t\t\t<div class=\"elementor-element elementor-element-681b6d1b elementor-widget elementor-widget-heading\" data-id=\"681b6d1b\" data-element_type=\"widget\" data-e-type=\"widget\" data-widget_type=\"heading.default\">\n\t\t\t\t<div class=\"elementor-widget-container\">\n\t\t\t\t\t<h1 class=\"elementor-heading-title elementor-size-default\">Pol\u00edtica de privacitat<\/h1>\t\t\t\t<\/div>\n\t\t\t\t<\/div>\n\t\t\t\t\t<\/div>\n\t\t<\/div>\n\t\t\t\t\t<\/div>\n\t\t<\/section>\n\t\t\t\t<section class=\"elementor-section elementor-top-section elementor-element elementor-element-6e9ee35e elementor-section-full_width elementor-section-height-default elementor-section-height-default\" data-id=\"6e9ee35e\" data-element_type=\"section\" data-e-type=\"section\">\n\t\t\t\t\t\t<div class=\"elementor-container elementor-column-gap-default\">\n\t\t\t\t\t<div class=\"elementor-column elementor-col-100 elementor-top-column elementor-element elementor-element-503bc3db top column-style-top\" data-id=\"503bc3db\" data-element_type=\"column\" data-e-type=\"column\">\n\t\t\t<div class=\"elementor-widget-wrap elementor-element-populated\">\n\t\t\t\t\t\t<div class=\"elementor-element elementor-element-7f5674da elementor-widget elementor-widget-text-editor\" data-id=\"7f5674da\" data-element_type=\"widget\" data-e-type=\"widget\" data-widget_type=\"text-editor.default\">\n\t\t\t\t<div class=\"elementor-widget-container\">\n\t\t\t\t\t\t\t\t\t<p><strong>Abast de la pol\u00edtica de protecci\u00f3 de dades personals<\/strong><\/p>\n<p>Aquesta pol\u00edtica de protecci\u00f3 de dades de car\u00e0cter personal abasta qualsevol tractament de dades que pugui produir-se en la presentaci\u00f3 dels nostres serveis presencials, en navegar o interaccionar per qualsevol de les nostres p\u00e0gines WEB o les xarxes socials en les que puguem tenir pres\u00e8ncia (Linkedin , youtube, etc.). Al final d&#8217;aquest document s&#8217;especifica informaci\u00f3 especial en el cas de l&#8217;\u00fas de les xarxes socials. Tamb\u00e9 s&#8217;aplicar\u00e0 a qualsevol procediment intern de l&#8217;empresa que requereixi la recollida de dades, ja sigui en formularis en format paper o qualsevol altre sistema.<\/p>\n<p>En qualsevol d&#8217;aquests mitjans, vost\u00e8 pot consultar informaci\u00f3, i en alguns casos omplir formularis, contestar enquestes, participar en concursos, realitzar consultes, enviar fotografies, fer comentaris, etc. &#8230; i, per tant, proporcionar-nos informaci\u00f3 de dades de car\u00e0cter personal. Tots els tractaments estan subjectes a la nostra pol\u00edtica de privacitat.<\/p>\n<p><strong>Qui \u00e9s el Responsable del Tractament de les seves dades personals?<\/strong><\/p>\n<p>En compliment del que estableix el Reglament (UE) 2016\/679 del Parlament Europeu i del Consell de 27 d&#8217;abril del 2016, i en compliment de la Llei 3\/2018, de 5 de desembre, de Protecci\u00f3 de dades personals i garantia dels drets digitals, informem, que les dades de car\u00e0cter personal que ens proporcioni seran tractades per ACTELGRUP. El grup est\u00e0 format per les empreses detallades <a href=\"http:\/\/actelgrup.com\/es\/aviso-legal\">http:\/\/actelgrup.com\/es\/aviso-legal.<\/a><br>La empresa cap\u00e7alera del grup \u00e9s Actel, SCCL, amb domicili social en Ctra. Vall d\u2019Aran km 3 &#8211; 25196 LLEIDA, y tel\u00e8fon 973 700 800, mail <a href=\"mailto:protecciodades@actel.es\">protecciodades@actel.es<\/a><\/p>\n<p><strong>Qui \u00e9s el Delegat de Protecci\u00f3 de Dades Personals?<\/strong><\/p>\n<p>El Delegat de Protecci\u00f3 de Dades Personals \u00e9s la persona encarregada de protegir el dret fonamental a la protecci\u00f3 de dades personals en ACTELGRUP i s&#8217;encarrega del compliment de la normativa de protecci\u00f3 de dades. Podr\u00e0 contactar amb el delegat de Protecci\u00f3 de Dades Personals en la seg\u00fcent adre\u00e7a <a href=\"mailto:protecciodades@actel.es\">protecciodades@actel.es<\/a><\/p>\n<p><strong>Quines Dades Personals es recullen i finalitats de les mateixes?<\/strong><\/p>\n<p><u><br><em>Serveis presencials:<\/em><br><\/u><\/p>\n<p>Detallem, les dades personals que gestiona, aix\u00ed com les seves finalitats.<\/p>\n<table border=\"1\" cellspacing=\"1\" cellpadding=\"1\">\n<thead>\n<tr>\n<th scope=\"col\"><strong>Tractament<\/strong><\/th>\n<th scope=\"col\"><strong>Dades<\/strong><\/th>\n<th scope=\"col\">Responsable<\/th>\n<th scope=\"col\"><strong>Finalitat i legitimaci\u00f3<\/strong><\/th>\n<th scope=\"col\"><strong>Destinataris<\/strong><\/th>\n<\/tr>\n<\/thead>\n<tbody>\n<tr>\n<td><strong>Socis<\/strong><\/td>\n<td>Nom, cognom, adre\u00e7a, tel\u00e8fon i DNI<\/td>\n<td>Empreses d&#8217;ActelGrup<\/td>\n<td>Alta, baixa, i totes les gestions relacionades amb la seva condici\u00f3 de soci, legitimades per la Llei de Cooperatives Catalana.<\/td>\n<td>Previstes per llei<br>ActelGrup<\/td>\n<\/tr>\n<tr>\n<td><strong>Agropecuari<\/strong><\/td>\n<td>Nom, cognom, tel\u00e8fon, mail, finques, dades econ\u00f2miques<\/td>\n<td>Empreses d&#8217;ActelGrup<\/td>\n<td>Assessorament en la gesti\u00f3 de les finques.<br>Gesti\u00f3 d\u2019ajuts.<br>Legitimat per la relaci\u00f3 contractual.<\/td>\n<td>Entitats certificadores.<br>Previstes per llei.<br>ActelGrup<\/td>\n<\/tr>\n<tr>\n<td><strong>Assegurances<\/strong><\/td>\n<td>Nomb, cognom, adre\u00e7a, DNI, dades econ\u00f2miques, dades laborals<br>Dades sensibles<\/td>\n<td>Central d&#8217;Assegurances SL<\/td>\n<td>Gesti\u00f3 de les seves assegurances.<br>En el cas de les dades sensibles legitimat pel seu consentiment.<\/td>\n<td>Companyies asseguradores, y empreses relacionades amb el responsable.<br>Previstes per llei<br>ActelGrup<\/td>\n<\/tr>\n<tr>\n<td><strong>Venda subministres, llavors, extensius, fruita, oli<\/strong><\/td>\n<td>Nom, cognom , adre\u00e7a, DNI, dades banc\u00e0ries<\/td>\n<td>Empreses d&#8217;ActelGrup<\/td>\n<td>Prestaci\u00f3 del servei contractat, Legitimat per la relaci\u00f3 contractual.<\/td>\n<td>Previstes per llei <br>ActelGrup<\/td>\n<\/tr>\n<tr>\n<td><strong>Targeta ActelGrup<\/strong><\/td>\n<td>Nom, cognom, DNI, adre\u00e7a, tel\u00e8fon i mail<\/td>\n<td>Empreses d&#8217;ActelGrup<\/td>\n<td>Prestaci\u00f3 del servei contractat Legitimat per la relaci\u00f3 contractual.<\/td>\n<td>Previstes per llei <br>ActelGrup<\/td>\n<\/tr>\n<tr>\n<td><strong>Imatge<\/strong><\/td>\n<td>Imatge<\/td>\n<td>Empreses d&#8217;ActelGrup<\/td>\n<td>Promoci\u00f3 dels serveis i productes del grup amb el seu consentiment.<\/td>\n<td>Xarxes socials en general<\/td>\n<\/tr>\n<\/tbody>\n<\/table>\n<p><u><br><em>On line:<\/em><br><\/u><\/p>\n<table width=\"680\">\n<tbody>\n<tr>\n<td width=\"85\">\n<p><strong>Apartat<\/strong><\/p>\n<\/td>\n<td width=\"170\">\n<p><strong>Dades <\/strong><\/p>\n<\/td>\n<td width=\"132\">\n<p><strong>Responsable<\/strong><\/p>\n<\/td>\n<td width=\"151\">\n<p><strong>Finalitat i legitimaci\u00f3<\/strong><\/p>\n<\/td>\n<td width=\"142\">\n<p><strong>Destinataris<\/strong><\/p>\n<\/td>\n<\/tr>\n<tr>\n<td width=\"85\">\n<p><strong>Newsletter<\/strong><\/p>\n<\/td>\n<td width=\"170\">\n<p>mail<\/p>\n<\/td>\n<td width=\"132\">\n<p>Central d\u2019Assegurances SL<\/p>\n<p>Actel SCCL<\/p>\n<\/td>\n<td width=\"151\">\n<p>Inscripci\u00f3 al butllet\u00ed legitimat pel seu consentiment<\/p>\n<\/td>\n<td width=\"142\">\n<p>Central d\u2019Assegurances SL<\/p>\n<p>Actel SCCL<\/p>\n<\/td>\n<\/tr>\n<tr>\n<td width=\"85\">\n<p><strong>Treballa amb nosaltres<\/strong><\/p>\n<\/td>\n<td width=\"170\">\n<p>Nom, cognom, data naixement, poblaci\u00f3, tel\u00e8fon i mail<\/p>\n<p>Dades curriculars<\/p>\n<\/td>\n<td width=\"132\">\n<p>Empreses d\u2019ActelGrup<\/p>\n<\/td>\n<td width=\"151\">\n<p>Forma part de la borsa de treball de les empreses del grup, , accedir a les ofertes que es considerin oportunes al seu perfil i participar en els processos de selecci\u00f3 relacionats.<\/p>\n<p>Legitimat amb el seu consentiment<\/p>\n<\/td>\n<td width=\"142\">\n<p>ActelGrup<\/p>\n<p>Empreses subcontractades per realitzar el proc\u00e9s de selecci\u00f3<\/p>\n<\/td>\n<\/tr>\n<tr>\n<td width=\"85\">\n<p><strong>Contacte<\/strong><\/p>\n<\/td>\n<td width=\"170\">\n<p>Nom&nbsp; i cognoms, tel\u00e8fon, mail i poblaci\u00f3<\/p>\n<\/td>\n<td width=\"132\">\n<p>Central d\u2019Assegurances SL<\/p>\n<p>Actel SCCL<\/p>\n<\/td>\n<td width=\"151\">\n<p>Gestionar la seva petici\u00f3, legitimat amb el dret leg\u00edtim.<\/p>\n<\/td>\n<td width=\"142\">\n<p>Central d\u2019Assegurances SL<\/p>\n<p>Actel SCCL<\/p>\n<p>Empreses d\u2019ActelGrup amb el seu consentiment<\/p>\n<\/td>\n<\/tr>\n<tr>\n<td width=\"85\">\n<p><strong>Sol\u00b7licitar informaci\u00f3 sobre productes<\/strong><\/p>\n<\/td>\n<td width=\"170\">\n<p>Nom&nbsp; i cognoms, tel\u00e8fon, mail<\/p>\n<\/td>\n<td width=\"132\">\n<p>Central d\u2019Assegurances SL<\/p>\n<p>Actel SCCL<\/p>\n<\/td>\n<td width=\"151\">\n<p>Gestionar la seva petici\u00f3, legitimat amb el dret leg\u00edtim<\/p>\n<\/td>\n<td width=\"142\">\n<p>Central d\u2019Assegurances SL<\/p>\n<p>Actel SCCL<\/p>\n<p>Empreses d\u2019ActelGrup amb el seu consentiment<\/p>\n<\/td>\n<\/tr>\n<tr>\n<td width=\"85\">\n<p><strong>Enviament informaci\u00f3 comercial<\/strong><\/p>\n<\/td>\n<td width=\"170\">\n<p>Mail<\/p>\n<\/td>\n<td width=\"132\">\n<p>Central d\u2019Assegurances SL<\/p>\n<p>Actel SCCL<\/p>\n<\/td>\n<td width=\"151\">\n<p>Enviament informaci\u00f3 comercial legitimat amb el seu consentiment<\/p>\n<\/td>\n<td width=\"142\">\n<p>Central d\u2019Assegurances SL<\/p>\n<p>Actel SCCL<\/p>\n<p>Empreses d\u2019ActelGrup amb el seu consentiment<\/p>\n<\/td>\n<\/tr>\n<tr>\n<td width=\"85\">\n<p><strong>Canal den\u00fancia<\/strong><\/p>\n<\/td>\n<td width=\"170\">\n<p>Dades personals. No definides per l\u2019empresa. Proced\u00e8ncia: De la persona que realitza la den\u00fancia que pot ser an\u00f2nima<\/p>\n<\/td>\n<td width=\"132\">\n<p>Empreses d\u2019Actelgrup<\/p>\n<\/td>\n<td width=\"151\">\n<p>Gesti\u00f3 de les dades personals procedents del canal \u00e8tic i les dades que deriven de la gesti\u00f3 dels mateixos.<\/p>\n<\/td>\n<td width=\"142\">\n<p>Empreses d\u2019ActelGrup<\/p>\n<\/td>\n<\/tr>\n<\/tbody>\n<\/table>\n<p>Si dins d\u2019un servei concret es precisa el tractament de dades sensibles sempre ser\u00e0 sota el marc del compliment d\u2019una llei o es requerir\u00e0 el seu consentiment expr\u00e9s.<\/p>\n<p>El seu consentiment pot ser revocat en qualsevol moment.<\/p>\n<p>ACTELGRUP utilitza eines per analitzar perfils, comportaments o prefer\u00e8ncies dels usuaris i posteriorment realitzar campanyes dirigides en funci\u00f3 d&#8217;aquestes dades.<\/p>\n<p><strong>Per quina ra\u00f3 utilitzem les seves dades personals?<\/strong><\/p>\n<p>A continuaci\u00f3 us expliquem la base legal que ens permet tractar les seves dades personals.<\/p>\n<ol>\n<li>En compliment d&#8217;una relaci\u00f3 contractual.<\/li>\n<li>Quan ens dona el seu consentiment.<\/li>\n<li>Per inter\u00e8s leg\u00edtim de ACTELGRUP en promocionar serveis, productes i iniciatives que puguin interessar.<\/li>\n<li>Compliment d&#8217;obligacions imposades per llei.<\/li>\n<\/ol>\n<p>Els recordem que pot revocar el seu consentiment en qualsevol moment a la seg\u00fcent adre\u00e7a: <a href=\"mailto:protecciodades@actel.es\">protecciodades@actel.es<\/a><\/p>\n<p><strong>Publicacions de fotos o v\u00eddeos a la p\u00e0gina WEB o a les xarxes socials<\/strong><\/p>\n<p>Per a la publicaci\u00f3 de fotografies o v\u00eddeos dels nostres treballadors, clients, usuaris o menors a la web o xarxes socials, igual que per recopilar dades per realitzar un concurs o tractar qualsevol altra dada personal, pr\u00e8viament obtenim el consentiment previ, expl\u00edcit, indiscutible i informat del titular que, en el cas dels menors de 14 anys, s&#8217;atorga pels pares o tutors legals.<\/p>\n<p>El tractament d&#8217;aquestes fotos, acata el principi de proporcionalitat, \u00e9s a dir, nom\u00e9s es tracten estrictament per a la finalitat per a la qual s&#8217;ha prestat el consentiment.<\/p>\n<p><strong>Dades no pertinents<\/strong><\/p>\n<p>ACTELGRUP adverteix a l&#8217;usuari que, llevat l&#8217;exist\u00e8ncia d&#8217;una representaci\u00f3 legalment constitu\u00efda, cap usuari pot utilitzar la identitat d&#8217;una altra persona i comunicar les seves dades personals, de manera que l&#8217;usuari en tot moment haur\u00e0 de tenir en compte que nom\u00e9s pot proporcionar dades personals corresponents a la seva pr\u00f2pia identitat i que aquestes siguin adequades, pertinents, actuals, exactes i veritables.<\/p>\n<p><strong>Quan temps conservarem les seves dades?<\/strong><\/p>\n<p>ACTELGRUP guarda les seves Dades Personals mentre sigui necessari per a la fi per al qual van ser recopilats. Si la directriu \u00e9s diferent de la indicada en aquesta pol\u00edtica es detallar\u00e0 en el document pertinent.<\/p>\n<p>En el cas de la borsa de treball, les seves dades es conservaran un any si el perfil s\u00b4adequa a les nostres necessitats, en cas contrari es destruiran.<\/p>\n<p><strong>A qui comunicarem les seves dades?<\/strong><\/p>\n<p>ACTELGRUP nom\u00e9s cedir\u00e0 les seves dades en aquells serveis en els qu\u00e8 s&#8217;indica i en els casos previstos per una llei.<br>No es realitzaran transfer\u00e8ncies internacionals de les seves dades personals.<\/p>\n<p>En el cas de les xarxes socials, tota la informaci\u00f3 i continguts publicats per l&#8217;usuari seran objecte de comunicaci\u00f3 i compartits amb la resta dels usuaris que consultin aquesta xarxa social, per la pr\u00f2pia naturalesa del servei.<\/p>\n<p><strong>Mesures de seguretat<\/strong><\/p>\n<p>ACTELGRUP assegura l&#8217;absoluta confidencialitat i privacitat de les dades personals recollides i per aix\u00f2 s&#8217;han adoptat mesures essencials de seguretat per evitar l&#8217;alteraci\u00f3, p\u00e8rdua, tractament o acc\u00e9s no autoritzat i garantir aix\u00ed la seva integritat i seguretat.<\/p>\n<p>L&#8217;Usuari es compromet a fer un \u00fas diligent i a no posar a la disposici\u00f3 de tercers el seu nom d&#8217;usuari i contrasenya, aix\u00ed mateix es compromet a informar a l&#8217;empresa de qualsevol robatori, p\u00e8rdua o risc d&#8217;acc\u00e9s de tercers al seu usuari.<\/p>\n<p><strong>Quins s\u00f3n els seus drets quan ens facilita les seves dades personals?<\/strong><\/p>\n<table border=\"1\" cellspacing=\"1\" cellpadding=\"1\">\n<thead>\n<tr>\n<th scope=\"col\"><strong>Dret<\/strong><\/th>\n<th scope=\"col\"><strong>Contingut<\/strong><\/th>\n<th scope=\"col\"><strong>Canal d\u2019atenci\u00f3<\/strong><\/th>\n<\/tr>\n<\/thead>\n<tbody>\n<tr>\n<td><strong>Acc\u00e9s<\/strong><\/td>\n<td>Podr\u00e0 consultar les dades personals gestionades per ACTELGRUP<\/td>\n<td colspan=\"1\" rowspan=\"6\">\n<p>Presencial:<br>Ctra. Vall d\u2019Aran km 3 &#8211; 25196 LLEIDA<\/p>\n<p>Online:<br><a href=\"mailto:protecciodades@actel.es\">protecciodades@actel.es<\/a><\/p>\n<\/td>\n<\/tr>\n<tr>\n<td><strong>Rectificaci\u00f3<\/strong><\/td>\n<td>Podr\u00e0 modificar les seves dades personals quan aquestes siguin inexactes.<\/td>\n<\/tr>\n<tr>\n<td><strong>Supressi\u00f3<\/strong><\/td>\n<td>Podr\u00e0 sol\u00b7licitar l\u2019eliminaci\u00f3 de les seves dades personals.<\/td>\n<\/tr>\n<tr>\n<td><strong>Oposici\u00f3<\/strong><\/td>\n<td>Podr\u00e0 sol\u00b7licitar que no es tractin les seves dades personals.<\/td>\n<\/tr>\n<tr>\n<td><strong>Limitaci\u00f3 del tractament<\/strong><\/td>\n<td>\n<p>Podr\u00e0 sol\u00b7licitar la limitaci\u00f3 al tractament de les dades personals en els seg\u00fcents casos:<\/p>\n<ul>\n<li>&#8211; Mentre es comprova la impugnaci\u00f3 de l\u2019exactitud de les seves dades.<\/li>\n<li>Quan ACTELGRUP no necessita tractar les seves dades, per\u00f2 vost\u00e8 les necessita per a l\u2019exercici o defensa de reclamacions.<\/li>\n<\/ul>\n<\/td>\n<\/tr>\n<tr>\n<td><strong>Portabilitat<\/strong><\/td>\n<td>Podr\u00e0 rebre en format electr\u00f2nic les dades que ens ha facilitat en format electr\u00f2nic.<\/td>\n<\/tr>\n<tr>\n<td colspan=\"3\">Si considera que no hem tractat les seves dades personals d\u2019acord amb la normativa, podeu contactar amb el Delegat de Protecci\u00f3 de Dades a l\u2019adre\u00e7a <a href=\"mailto:protecciodades@actel.es\">protecciodades@actel.es<\/a><br>Si vol , podr\u00e0 presentar una reclamaci\u00f3 a l\u2019Ag\u00e8ncia Espanyola de Protecci\u00f3 de Dades (<a href=\"http:\/\/www.agpd.es\/\">www.agpd.es<\/a>).<\/td>\n<\/tr>\n<tr>\n<td colspan=\"3\">Per exercir els seus drets, cal que acompanyi la seva sol\u00b7licitud amb una c\u00f2pia del seu DNI o document que acrediti la seva identitat.<\/td>\n<\/tr>\n<tr>\n<td colspan=\"3\">L\u2019exercici del drets \u00e9s gratu\u00eft.<\/td>\n<\/tr>\n<\/tbody>\n<\/table>\n<p><strong>Xarxes socials<\/strong><\/p>\n<p>El funcionament de les xarxes socials no est\u00e0 sota el control de ACTELGRUP., i per tant la informaci\u00f3 que publica ser\u00e0 compartida per tots els usuaris que les consultin. Aix\u00ed mateix, aquestes xarxes permeten la interacci\u00f3 amb altres usuaris, i per tant, a continuaci\u00f3, es detallen unes premisses que ha de tenir en compte.<\/p>\n<p>L&#8217;objecte de la utilitzaci\u00f3 de les xarxes socials \u00e9s donar visibilitat i difusi\u00f3 dels serveis que presta ACTELGRUP.<\/p>\n<p>En principi, s&#8217;aplica la mateixa pol\u00edtica de protecci\u00f3 de dades especificada en aquest document, pel que fa a la recollida, tractament i cessi\u00f3 de dades.<\/p>\n<p>L&#8217;usuari s&#8217;ha de comprometre a:<\/p>\n<ul>\n<li>No publicar informacions que no responguin als requisits de veracitat, inter\u00e8s p\u00fablic i respecte a la dignitat de les persones. Especialment, l&#8217;usuari haur\u00e0 d&#8217;evitar tota conducta que pugui atemptar contra el principi de no discriminaci\u00f3 per raons de sexe, ra\u00e7a, religi\u00f3, ideologia o qualsevol altre circumst\u00e0ncia personal o social, i contra la intimitat, l&#8217;honor i la pr\u00f2pia imatge, sent el responsable final sobre la veracitat i legalitat dels continguts que publiqui.<\/li>\n<li>No gravar ni publicar imatges, v\u00eddeos o qualsevol altre tipus de registre sense el consentiment dels afectats.<\/li>\n<\/ul>\n<p>ACTELGRUP no s&#8217;identifica amb les opinions expressades per altres ni amb la ideologia dels perfils amb els quals tingui amistat en cap xarxa social.<\/p>\n<p>ACTELGRUP es reserva el dret d&#8217;eliminar de les seves xarxes socials qualsevol informaci\u00f3 publicada per altres que vulneri la legalitat, inciti a fer-ho, o contingui missatges que atemptin contra la dignitat de persones o institucions. Aix\u00ed com de bloquejar o denunciar el perfil autor d&#8217;aquests missatges.<\/p>\n<p><strong>Recomanacions als usuaris \/ usu\u00e0ries<\/strong><\/p>\n<ul>\n<li>Revisar i llegir les condicions generals d&#8217;\u00fas i la pol\u00edtica de privacitat de la xarxa social en el moment de registrar-se.<\/li>\n<li>Aprendre les possibilitats de configuraci\u00f3 i \u00fas que la xarxa ofereixi.<\/li>\n<li>Configurar adequadament el grau de privacitat del perfil d&#8217;usuari a la xarxa social<\/li>\n<li>No publicar informaci\u00f3 excessiva sobre la seva vida personal i familiar.<\/li>\n<li>Anar amb compte amb la publicaci\u00f3 de continguts audiovisuals i gr\u00e0fics en el seu perfil, especialment si s&#8217;allotjaran imatges relatives a terceres persones.<\/li>\n<li>No oferir dades de tercers sense el previ consentiment d&#8217;aquests.<\/li>\n<\/ul>\n<p><strong>Les xarxes socials gestionades per ACTELGRUP s\u00f3n:<\/strong><\/p>\n<table border=\"1\" cellspacing=\"1\" cellpadding=\"1\" align=\"left\">\n<thead>\n<tr>\n<th scope=\"col\"><strong>XARXA<\/strong><\/th>\n<th scope=\"col\">ADRE\u00c7A<\/th>\n<\/tr>\n<\/thead>\n<tbody>\n<tr>\n<td><strong>LINKEDIN<\/strong><\/td>\n<td>\n<p><u><br><a href=\"https:\/\/es.linkedin.com\/company\/actelgrup\">https:\/\/es.linkedin.com\/company\/actelgrup<\/a><br><\/u><\/p>\n<\/td>\n<\/tr>\n<tr>\n<td><strong>YOUTUBE<\/strong><\/td>\n<td>\n<p><u><br><a href=\"https:\/\/www.youtube.com\/user\/actelgrup\">https:\/\/www.youtube.com\/user\/actelgrup<\/a><br><\/u><\/p>\n<\/td>\n<\/tr>\n<tr>\n<td><strong>FACEBOOK<\/strong><\/td>\n<td>\n<p><a href=\"https:\/\/www.facebook.com\/ActelGrup\/\">https:\/\/www.facebook.com\/ActelGrup\/<\/a><\/p>\n<\/td>\n<\/tr>\n<tr>\n<td><strong>TWITTER<\/strong><\/td>\n<td>\n<p><a href=\"https:\/\/twitter.com\/ActelGrup\">https:\/\/twitter.com\/ActelGrup<\/a><\/p>\n<\/td>\n<\/tr>\n<tr>\n<td><strong>INSTAGRAM<\/strong><\/td>\n<td>\n<p><a href=\"https:\/\/www.instagram.com\/actelgrup\/\">https:\/\/www.instagram.com\/actelgrup\/<\/a><\/p>\n<\/td>\n<\/tr>\n<\/tbody>\n<\/table>\t\t\t\t\t\t\t\t<\/div>\n\t\t\t\t<\/div>\n\t\t\t\t\t<\/div>\n\t\t<\/div>\n\t\t\t\t\t<\/div>\n\t\t<\/section>\n\t\t\t\t<\/div>\n\t\t","protected":false},"excerpt":{"rendered":"<p>Pol\u00edtica de privacitat Abast de la pol\u00edtica de protecci\u00f3 de dades personals Aquesta pol\u00edtica de protecci\u00f3 de dades de car\u00e0cter personal abasta qualsevol tractament de dades que pugui produir-se en la presentaci\u00f3 dels nostres serveis presencials, en navegar o interaccionar per qualsevol de les nostres p\u00e0gines WEB o les xarxes socials en les que puguem [&hellip;]<\/p>\n","protected":false},"author":1,"featured_media":0,"parent":0,"menu_order":0,"comment_status":"closed","ping_status":"closed","template":"elementor_header_footer","meta":{"_acf_changed":false,"_monsterinsights_skip_tracking":false,"_monsterinsights_sitenote_active":false,"_monsterinsights_sitenote_note":"","_monsterinsights_sitenote_category":0,"footnotes":""},"class_list":["post-22683","page","type-page","status-publish","hentry"],"acf":[],"_links":{"self":[{"href":"https:\/\/actelgrup.com\/ca\/wp-json\/wp\/v2\/pages\/22683","targetHints":{"allow":["GET"]}}],"collection":[{"href":"https:\/\/actelgrup.com\/ca\/wp-json\/wp\/v2\/pages"}],"about":[{"href":"https:\/\/actelgrup.com\/ca\/wp-json\/wp\/v2\/types\/page"}],"author":[{"embeddable":true,"href":"https:\/\/actelgrup.com\/ca\/wp-json\/wp\/v2\/users\/1"}],"replies":[{"embeddable":true,"href":"https:\/\/actelgrup.com\/ca\/wp-json\/wp\/v2\/comments?post=22683"}],"version-history":[{"count":10,"href":"https:\/\/actelgrup.com\/ca\/wp-json\/wp\/v2\/pages\/22683\/revisions"}],"predecessor-version":[{"id":29725,"href":"https:\/\/actelgrup.com\/ca\/wp-json\/wp\/v2\/pages\/22683\/revisions\/29725"}],"wp:attachment":[{"href":"https:\/\/actelgrup.com\/ca\/wp-json\/wp\/v2\/media?parent=22683"}],"curies":[{"name":"wp","href":"https:\/\/api.w.org\/{rel}","templated":true}]}}