{"id":23393,"date":"2022-08-10T10:08:27","date_gmt":"2022-08-10T10:08:27","guid":{"rendered":"https:\/\/actelgrup.com\/mail\/"},"modified":"2022-08-10T10:23:54","modified_gmt":"2022-08-10T10:23:54","slug":"mail","status":"publish","type":"page","link":"https:\/\/actelgrup.com\/ca\/mail\/","title":{"rendered":"Avis mail"},"content":{"rendered":"\t\t<div data-elementor-type=\"wp-page\" data-elementor-id=\"23393\" class=\"elementor elementor-23393 elementor-23387\" data-elementor-post-type=\"page\">\n\t\t\t\t\t\t<section class=\"elementor-section elementor-top-section elementor-element elementor-element-1a58f108 elementor-section-height-min-height elementor-section-full_width elementor-section-items-bottom elementor-section-height-default\" data-id=\"1a58f108\" data-element_type=\"section\" data-e-type=\"section\" data-settings=\"{&quot;background_background&quot;:&quot;classic&quot;}\">\n\t\t\t\t\t\t\t<div class=\"elementor-background-overlay\"><\/div>\n\t\t\t\t\t\t\t<div class=\"elementor-container elementor-column-gap-no\">\n\t\t\t\t\t<div class=\"elementor-column elementor-col-100 elementor-top-column elementor-element elementor-element-350a050 top column-style-top\" data-id=\"350a050\" data-element_type=\"column\" data-e-type=\"column\">\n\t\t\t<div class=\"elementor-widget-wrap elementor-element-populated\">\n\t\t\t\t\t\t<div class=\"elementor-element elementor-element-5faecb39 elementor-widget elementor-widget-heading\" data-id=\"5faecb39\" data-element_type=\"widget\" data-e-type=\"widget\" data-widget_type=\"heading.default\">\n\t\t\t\t<div class=\"elementor-widget-container\">\n\t\t\t\t\t<h1 class=\"elementor-heading-title elementor-size-default\">Avis legal mail<\/h1>\t\t\t\t<\/div>\n\t\t\t\t<\/div>\n\t\t\t\t\t<\/div>\n\t\t<\/div>\n\t\t\t\t\t<\/div>\n\t\t<\/section>\n\t\t\t\t<section class=\"elementor-section elementor-top-section elementor-element elementor-element-6c6a13b9 elementor-section-full_width elementor-section-height-default elementor-section-height-default\" data-id=\"6c6a13b9\" data-element_type=\"section\" data-e-type=\"section\">\n\t\t\t\t\t\t<div class=\"elementor-container elementor-column-gap-default\">\n\t\t\t\t\t<div class=\"elementor-column elementor-col-100 elementor-top-column elementor-element elementor-element-65a9315b top column-style-top\" data-id=\"65a9315b\" data-element_type=\"column\" data-e-type=\"column\">\n\t\t\t<div class=\"elementor-widget-wrap elementor-element-populated\">\n\t\t\t\t\t\t<div class=\"elementor-element elementor-element-4a12f25d elementor-widget elementor-widget-text-editor\" data-id=\"4a12f25d\" data-element_type=\"widget\" data-e-type=\"widget\" data-widget_type=\"text-editor.default\">\n\t\t\t\t<div class=\"elementor-widget-container\">\n\t\t\t\t\t\t\t\t\tAquest missatge i els fitxers annexos contenen informaci\u00f3\nprivada i estrictament confidencial. Si el seu receptor no \u00e9s la persona\ndestinat\u00e0ria del present missatge, no est\u00e0 autoritzada a llegir-lo,\nretenir-lo o difondre\u2019l.\nVirus: Tot i que hem pres mesures per assegurar-nos que aquest\ncorreu electr\u00f2nic i els seus adjunts estan lliures de virus, li\nrecomanem que a efectes de mantenir bones pr\u00e0ctiques de\nseguretat, el receptor ha d\u2019assegurar-se que aquest correu i els seus fitxers\nadjunts estan lliures de virus.\t\t\t\t\t\t\t\t<\/div>\n\t\t\t\t<\/div>\n\t\t\t\t\t<\/div>\n\t\t<\/div>\n\t\t\t\t\t<\/div>\n\t\t<\/section>\n\t\t\t\t<\/div>\n\t\t","protected":false},"excerpt":{"rendered":"<p>Avis legal mail Aquest missatge i els fitxers annexos contenen informaci\u00f3 privada i estrictament confidencial. Si el seu receptor no \u00e9s la persona destinat\u00e0ria del present missatge, no est\u00e0 autoritzada a llegir-lo, retenir-lo o difondre\u2019l. Virus: Tot i que hem pres mesures per assegurar-nos que aquest correu electr\u00f2nic i els seus adjunts estan lliures de [&hellip;]<\/p>\n","protected":false},"author":1,"featured_media":0,"parent":0,"menu_order":0,"comment_status":"closed","ping_status":"closed","template":"elementor_header_footer","meta":{"_acf_changed":false,"_monsterinsights_skip_tracking":false,"_monsterinsights_sitenote_active":false,"_monsterinsights_sitenote_note":"","_monsterinsights_sitenote_category":0,"footnotes":""},"class_list":["post-23393","page","type-page","status-publish","hentry"],"acf":[],"_links":{"self":[{"href":"https:\/\/actelgrup.com\/ca\/wp-json\/wp\/v2\/pages\/23393","targetHints":{"allow":["GET"]}}],"collection":[{"href":"https:\/\/actelgrup.com\/ca\/wp-json\/wp\/v2\/pages"}],"about":[{"href":"https:\/\/actelgrup.com\/ca\/wp-json\/wp\/v2\/types\/page"}],"author":[{"embeddable":true,"href":"https:\/\/actelgrup.com\/ca\/wp-json\/wp\/v2\/users\/1"}],"replies":[{"embeddable":true,"href":"https:\/\/actelgrup.com\/ca\/wp-json\/wp\/v2\/comments?post=23393"}],"version-history":[{"count":5,"href":"https:\/\/actelgrup.com\/ca\/wp-json\/wp\/v2\/pages\/23393\/revisions"}],"predecessor-version":[{"id":23409,"href":"https:\/\/actelgrup.com\/ca\/wp-json\/wp\/v2\/pages\/23393\/revisions\/23409"}],"wp:attachment":[{"href":"https:\/\/actelgrup.com\/ca\/wp-json\/wp\/v2\/media?parent=23393"}],"curies":[{"name":"wp","href":"https:\/\/api.w.org\/{rel}","templated":true}]}}